{"id":55,"date":"2026-03-26T13:53:46","date_gmt":"2026-03-26T12:53:46","guid":{"rendered":"https:\/\/domaine-des-aquarelles.com\/wp\/?page_id=55"},"modified":"2026-04-03T16:16:10","modified_gmt":"2026-04-03T15:16:10","slug":"acceuil","status":"publish","type":"page","link":"https:\/\/domaine-des-aquarelles.com\/","title":{"rendered":"Accueil"},"content":{"rendered":"\n<div class=\"wp-block-cover alignfull is-light wp-duotone-unset-1\" style=\"margin-top:0;padding-top:48px;padding-right:48px;padding-bottom:48px;padding-left:48px;min-height:808px;aspect-ratio:unset;\"><img loading=\"lazy\" decoding=\"async\" width=\"2560\" height=\"1571\" class=\"wp-block-cover__image-background wp-image-140 size-full\" alt=\"\" src=\"https:\/\/domaine-des-aquarelles.com\/wp-content\/uploads\/2026\/04\/Maison_domaine_des_aquarelles_chambres_hotes-scaled.jpg\" data-object-fit=\"cover\" srcset=\"https:\/\/domaine-des-aquarelles.com\/wp-content\/uploads\/2026\/04\/Maison_domaine_des_aquarelles_chambres_hotes-scaled.jpg 2560w, https:\/\/domaine-des-aquarelles.com\/wp-content\/uploads\/2026\/04\/Maison_domaine_des_aquarelles_chambres_hotes-300x184.jpg 300w, https:\/\/domaine-des-aquarelles.com\/wp-content\/uploads\/2026\/04\/Maison_domaine_des_aquarelles_chambres_hotes-1024x628.jpg 1024w, https:\/\/domaine-des-aquarelles.com\/wp-content\/uploads\/2026\/04\/Maison_domaine_des_aquarelles_chambres_hotes-768x471.jpg 768w, https:\/\/domaine-des-aquarelles.com\/wp-content\/uploads\/2026\/04\/Maison_domaine_des_aquarelles_chambres_hotes-1536x943.jpg 1536w, https:\/\/domaine-des-aquarelles.com\/wp-content\/uploads\/2026\/04\/Maison_domaine_des_aquarelles_chambres_hotes-2048x1257.jpg 2048w\" sizes=\"auto, (max-width: 2560px) 100vw, 2560px\" \/><span aria-hidden=\"true\" class=\"wp-block-cover__background has-background-dim-30 has-background-dim\" style=\"background-color:#85837a\"><\/span><div class=\"wp-block-cover__inner-container is-layout-flow wp-block-cover-is-layout-flow\">\n<div class=\"wp-block-group is-layout-constrained wp-container-core-group-is-layout-4582f6a7 wp-block-group-is-layout-constrained\">\n<h1 class=\"wp-block-heading alignwide has-text-align-center has-white-color has-text-color\" style=\"font-size:100px;font-style:normal;font-weight:700;letter-spacing:0px;line-height:1;text-transform:uppercase\">Domaine des Aquarelles<\/h1>\n<\/div>\n\n\n\n<div style=\"height:72px\" aria-hidden=\"true\" class=\"wp-block-spacer\"><\/div>\n<\/div><\/div>\n\n\n\n<h2 class=\"wp-block-heading has-text-align-center\"><em><strong><mark style=\"background-color:rgba(0, 0, 0, 0);color:#abb8c3\" class=\"has-inline-color\">Corinne et Franck vous accueillent <strong>dans leur maison familiale<\/strong> en chambres d&rsquo;h\u00f4tes dans un environnement <strong>verdoyant<\/strong> exceptionnel et calme<\/mark><\/strong><\/em><\/h2>\n\n\n\n<h2 class=\"wp-block-heading\"><strong>Bienvenue <mark style=\"background-color:rgba(0, 0, 0, 0);color:#fcb900\" class=\"has-inline-color\">en chambres d&rsquo;h\u00f4tes<\/mark><\/strong><\/h2>\n\n\n\n<p><strong>Nous vous accueillons, \u00e0 Domont en chambres d&rsquo;h\u00f4tes dans un cadre naturel pr\u00e9serv\u00e9<\/strong>. Le Domaine des Aquarelles est situ\u00e9 dans le Val d\u2019Oise, \u00e0 deux pas de Paris, \u00e0 10 minutes d&rsquo;Enghien-les-Bains et de Montmorency. Nos deux chambres pens\u00e9es pour votre confort ont <strong>chacune une entr\u00e9e ind\u00e9pendante<\/strong>, elles donnent sur terrasse et jardin arbor\u00e9 et verdoyant qui est \u00e0 votre disposition pour des moments de d\u00e9tente. En lisi\u00e8re de la for\u00eat de Montmorency, les <strong>Chambres \u00ab\u00a0les Aquarelles\u00a0\u00bb et \u00ab\u00a0les Sapins\u00a0\u00bb vous offrent un cadre paisible et accueillant<\/strong>. Nos chambres d&rsquo;h\u00f4tes sont labellis\u00e9es Gites de France 3 \u00e9pis. Choisissez la chambre d&rsquo;h\u00f4te qui vous convient en visitant notre site internet.<\/p>\n\n\n\n<div class=\"wp-block-columns are-vertically-aligned-top is-layout-flex wp-container-core-columns-is-layout-28f84493 wp-block-columns-is-layout-flex\">\n<div class=\"wp-block-column is-vertically-aligned-top is-layout-flow wp-block-column-is-layout-flow\" style=\"flex-basis:66.66%\">\n<h2 class=\"wp-block-heading\"><strong>Activit\u00e9s <mark style=\"background-color:rgba(0, 0, 0, 0);color:#fcb900\" class=\"has-inline-color\">\u00e0 proximit\u00e9<\/mark><\/strong><\/h2>\n\n\n\n<div class=\"wp-block-media-text is-stacked-on-mobile\"><figure class=\"wp-block-media-text__media\"><img loading=\"lazy\" decoding=\"async\" width=\"420\" height=\"308\" src=\"https:\/\/domaine-des-aquarelles.com\/wp-content\/uploads\/2026\/03\/sl_chateau.jpg\" alt=\"\" class=\"wp-image-81 size-full\" srcset=\"https:\/\/domaine-des-aquarelles.com\/wp-content\/uploads\/2026\/03\/sl_chateau.jpg 420w, https:\/\/domaine-des-aquarelles.com\/wp-content\/uploads\/2026\/03\/sl_chateau-300x220.jpg 300w\" sizes=\"auto, (max-width: 420px) 100vw, 420px\" \/><\/figure><div class=\"wp-block-media-text__content\">\n<p><strong>Nombreuses activit\u00e9s touristiques, <\/strong>culturelles et sportives \u00e0 proximit\u00e9. Randonn\u00e9e&nbsp;: Le \u00ab\u00a0<strong>sentier des lis\u00e8res de la for\u00eat de Montmorency<\/strong>\u00a0\u00bb passe dans notre rue. A proximit\u00e9 du <strong>GR\u00ae655<\/strong>, Chemin de <strong>Saint Jacques de Compostelle<\/strong> Via Turonensis. La for\u00eat \u00e0 250m du domaine offre un espace de promenades agr\u00e9ables, exemple le Ch\u00e2teau de la chasse et son \u00e9tang.<\/p>\n<\/div><\/div>\n\n\n\n<div class=\"wp-block-media-text is-stacked-on-mobile\"><figure class=\"wp-block-media-text__media\"><img loading=\"lazy\" decoding=\"async\" width=\"126\" height=\"168\" src=\"https:\/\/domaine-des-aquarelles.com\/wp-content\/uploads\/2026\/03\/KICX4374.jpg\" alt=\"\" class=\"wp-image-79 size-full\"\/><\/figure><div class=\"wp-block-media-text__content\">\n<p><strong>Les chambres d&rsquo;h\u00f4tes<\/strong> du Domaine des Aquarelles sont situ\u00e9es toutes proches d&rsquo;Auvers sur Oise, du Golf de Domont et de Baillet 95. <strong>Auvers-sur-Oise<\/strong>, joyau du Val-d\u2019Oise, s\u00e9duit par son charme authentique et ses paysages pr\u00e9serv\u00e9s.<br>Berceau d\u2019inspiration de <strong>Vincent van Gogh et des impressionnistes<\/strong>, le village respire l\u2019art et l\u2019histoire.<br>Entre ruelles pittoresques, champs ondulants et bords de l\u2019Oise, chaque promenade devient une parenth\u00e8se hors du temps. <strong>Une destination id\u00e9ale pour se ressourcer aux portes de Paris, entre nature, culture et douceur de vivre.<\/strong><\/p>\n<\/div><\/div>\n\n\n\n<div class=\"wp-block-media-text is-stacked-on-mobile\"><figure class=\"wp-block-media-text__media\"><img loading=\"lazy\" decoding=\"async\" width=\"290\" height=\"213\" src=\"https:\/\/domaine-des-aquarelles.com\/wp-content\/uploads\/2026\/03\/sl_royaumont2.jpg\" alt=\"\" class=\"wp-image-80 size-full\"\/><\/figure><div class=\"wp-block-media-text__content\">\n<p>Fond\u00e9e par Saint-Louis en 1228, <strong>Royaumont est la plus grande abbaye <\/strong>d&rsquo;Ile de France. Elle poss\u00e8de le plus grand clo\u00eetre cistercien de France dans un parc magnifique. Environn\u00e9e de ruisseaux et proche d&rsquo;une r\u00e9serve ornithologique, <strong>l&rsquo;abbaye de Royaumont a \u00e9t\u00e9 \u00e9difi\u00e9e au XIII\u00b0 si\u00e8cle par Saint Louis<\/strong>.<\/p>\n<\/div><\/div>\n<\/div>\n\n\n\n<div class=\"wp-block-column is-vertically-aligned-top is-layout-flow wp-block-column-is-layout-flow\" style=\"flex-basis:33.33%\">\n<h2 class=\"wp-block-heading\"><strong>O\u00f9 <mark style=\"background-color:rgba(0, 0, 0, 0);color:#fcb900\" class=\"has-inline-color\">sommes-nous ?<\/mark><\/strong><\/h2>\n\n\n\n<p><\/p>\n\n\n\n<figure class=\"wp-block-image size-full\"><img loading=\"lazy\" decoding=\"async\" width=\"404\" height=\"340\" src=\"https:\/\/domaine-des-aquarelles.com\/wp-content\/uploads\/2026\/03\/distances-chambres-hotes.gif\" alt=\"\" class=\"wp-image-82\"\/><\/figure>\n\n\n\n<h2 class=\"wp-block-heading\"><strong><mark style=\"background-color:rgba(0, 0, 0, 0);color:#fcb900\" class=\"has-inline-color\">Et encore &#8230;<\/mark><\/strong><\/h2>\n\n\n\n<figure class=\"wp-block-image size-full is-resized\"><img loading=\"lazy\" decoding=\"async\" width=\"466\" height=\"69\" src=\"https:\/\/domaine-des-aquarelles.com\/wp-content\/uploads\/2026\/03\/pictogrammesPNG.png\" alt=\"\" class=\"wp-image-91\" style=\"aspect-ratio:6.7530737026872965;width:263px;height:auto\" srcset=\"https:\/\/domaine-des-aquarelles.com\/wp-content\/uploads\/2026\/03\/pictogrammesPNG.png 466w, https:\/\/domaine-des-aquarelles.com\/wp-content\/uploads\/2026\/03\/pictogrammesPNG-300x44.png 300w\" sizes=\"auto, (max-width: 466px) 100vw, 466px\" \/><\/figure>\n\n\n\n<p>Tennis 800 m, Golf de Domont 800 m, Golf de Bouff\u00e9mont 95 1,5Km, Golf de Baillet 5km<\/p>\n\n\n\n<p>For\u00eat 250m, \u00c9tangs du Ch\u00e2teau de la chasse 3 km, Restaurant 50 m, Commerces \u00e0 proximit\u00e9, gare SNCF 700m, Gare TGV Roissy Charles de Gaulle A\u00e9roport 20km<\/p>\n\n\n\n<p><\/p>\n<\/div>\n<\/div>\n\n\n\n<p><\/p>\n","protected":false},"excerpt":{"rendered":"<p>Corinne et Franck vous accueillent dans leur maison familiale en chambres d&rsquo;h\u00f4tes dans un environnement verdoyant exceptionnel et calme Bienvenue [&hellip;]<\/p>\n","protected":false},"author":1,"featured_media":0,"parent":0,"menu_order":0,"comment_status":"closed","ping_status":"closed","template":"","meta":{"site-sidebar-layout":"default","site-content-layout":"","ast-site-content-layout":"default","site-content-style":"default","site-sidebar-style":"default","ast-global-header-display":"","ast-banner-title-visibility":"","ast-main-header-display":"","ast-hfb-above-header-display":"","ast-hfb-below-header-display":"","ast-hfb-mobile-header-display":"","site-post-title":"disabled","ast-breadcrumbs-content":"","ast-featured-img":"","footer-sml-layout":"","ast-disable-related-posts":"","theme-transparent-header-meta":"","adv-header-id-meta":"","stick-header-meta":"","header-above-stick-meta":"","header-main-stick-meta":"","header-below-stick-meta":"","astra-migrate-meta-layouts":"default","ast-page-background-enabled":"default","ast-page-background-meta":{"desktop":{"background-color":"var(--ast-global-color-5)","background-image":"","background-repeat":"repeat","background-position":"center center","background-size":"auto","background-attachment":"scroll","background-type":"","background-media":"","overlay-type":"","overlay-color":"","overlay-opacity":"","overlay-gradient":""},"tablet":{"background-color":"","background-image":"","background-repeat":"repeat","background-position":"center center","background-size":"auto","background-attachment":"scroll","background-type":"","background-media":"","overlay-type":"","overlay-color":"","overlay-opacity":"","overlay-gradient":""},"mobile":{"background-color":"","background-image":"","background-repeat":"repeat","background-position":"center center","background-size":"auto","background-attachment":"scroll","background-type":"","background-media":"","overlay-type":"","overlay-color":"","overlay-opacity":"","overlay-gradient":""}},"ast-content-background-meta":{"desktop":{"background-color":"var(--ast-global-color-4)","background-image":"","background-repeat":"repeat","background-position":"center center","background-size":"auto","background-attachment":"scroll","background-type":"","background-media":"","overlay-type":"","overlay-color":"","overlay-opacity":"","overlay-gradient":""},"tablet":{"background-color":"var(--ast-global-color-4)","background-image":"","background-repeat":"repeat","background-position":"center center","background-size":"auto","background-attachment":"scroll","background-type":"","background-media":"","overlay-type":"","overlay-color":"","overlay-opacity":"","overlay-gradient":""},"mobile":{"background-color":"var(--ast-global-color-4)","background-image":"","background-repeat":"repeat","background-position":"center center","background-size":"auto","background-attachment":"scroll","background-type":"","background-media":"","overlay-type":"","overlay-color":"","overlay-opacity":"","overlay-gradient":""}},"footnotes":""},"class_list":["post-55","page","type-page","status-publish","hentry"],"yoast_head":"<!-- This site is optimized with the Yoast SEO plugin v27.3 - https:\/\/yoast.com\/product\/yoast-seo-wordpress\/ -->\n<title>Accueil - Domaine des Aquarelles - Chambres d&#039;h\u00f4tes<\/title>\n<meta name=\"robots\" content=\"index, follow, max-snippet:-1, max-image-preview:large, max-video-preview:-1\" \/>\n<link rel=\"canonical\" href=\"https:\/\/domaine-des-aquarelles.com\/\" \/>\n<meta property=\"og:locale\" content=\"fr_FR\" \/>\n<meta property=\"og:type\" content=\"article\" \/>\n<meta property=\"og:title\" content=\"Accueil - Domaine des Aquarelles - Chambres d&#039;h\u00f4tes\" \/>\n<meta property=\"og:description\" content=\"Corinne et Franck vous accueillent dans leur maison familiale en chambres d&rsquo;h\u00f4tes dans un environnement verdoyant exceptionnel et calme Bienvenue [&hellip;]\" \/>\n<meta property=\"og:url\" content=\"https:\/\/domaine-des-aquarelles.com\/\" \/>\n<meta property=\"og:site_name\" content=\"Domaine des Aquarelles - Chambres d&#039;h\u00f4tes\" \/>\n<meta property=\"article:publisher\" content=\"https:\/\/www.facebook.com\/people\/domaine-des-aquarelles\/100068159942014\/#\" \/>\n<meta property=\"article:modified_time\" content=\"2026-04-03T15:16:10+00:00\" \/>\n<meta property=\"og:image\" content=\"https:\/\/domaine-des-aquarelles.com\/wp-content\/uploads\/2026\/04\/Maison_domaine_des_aquarelles_chambres_hotes-scaled.jpg\" \/>\n<meta name=\"twitter:card\" content=\"summary_large_image\" \/>\n<meta name=\"twitter:label1\" content=\"Dur\u00e9e de lecture estim\u00e9e\" \/>\n\t<meta name=\"twitter:data1\" content=\"2 minutes\" \/>\n<script type=\"application\/ld+json\" class=\"yoast-schema-graph\">{\"@context\":\"https:\\\/\\\/schema.org\",\"@graph\":[{\"@type\":\"WebPage\",\"@id\":\"https:\\\/\\\/domaine-des-aquarelles.com\\\/\",\"url\":\"https:\\\/\\\/domaine-des-aquarelles.com\\\/\",\"name\":\"Accueil - Domaine des Aquarelles - Chambres d&#039;h\u00f4tes\",\"isPartOf\":{\"@id\":\"https:\\\/\\\/domaine-des-aquarelles.com\\\/#website\"},\"primaryImageOfPage\":{\"@id\":\"https:\\\/\\\/domaine-des-aquarelles.com\\\/#primaryimage\"},\"image\":{\"@id\":\"https:\\\/\\\/domaine-des-aquarelles.com\\\/#primaryimage\"},\"thumbnailUrl\":\"https:\\\/\\\/domaine-des-aquarelles.com\\\/wp-content\\\/uploads\\\/2026\\\/04\\\/Maison_domaine_des_aquarelles_chambres_hotes-scaled.jpg\",\"datePublished\":\"2026-03-26T12:53:46+00:00\",\"dateModified\":\"2026-04-03T15:16:10+00:00\",\"breadcrumb\":{\"@id\":\"https:\\\/\\\/domaine-des-aquarelles.com\\\/#breadcrumb\"},\"inLanguage\":\"fr-FR\",\"potentialAction\":[{\"@type\":\"ReadAction\",\"target\":[\"https:\\\/\\\/domaine-des-aquarelles.com\\\/\"]}]},{\"@type\":\"ImageObject\",\"inLanguage\":\"fr-FR\",\"@id\":\"https:\\\/\\\/domaine-des-aquarelles.com\\\/#primaryimage\",\"url\":\"https:\\\/\\\/domaine-des-aquarelles.com\\\/wp-content\\\/uploads\\\/2026\\\/04\\\/Maison_domaine_des_aquarelles_chambres_hotes-scaled.jpg\",\"contentUrl\":\"https:\\\/\\\/domaine-des-aquarelles.com\\\/wp-content\\\/uploads\\\/2026\\\/04\\\/Maison_domaine_des_aquarelles_chambres_hotes-scaled.jpg\",\"width\":2560,\"height\":1571},{\"@type\":\"BreadcrumbList\",\"@id\":\"https:\\\/\\\/domaine-des-aquarelles.com\\\/#breadcrumb\",\"itemListElement\":[{\"@type\":\"ListItem\",\"position\":1,\"name\":\"Accueil\",\"item\":\"https:\\\/\\\/domaine-des-aquarelles.com\\\/\"},{\"@type\":\"ListItem\",\"position\":2,\"name\":\"Accueil\"}]},{\"@type\":\"WebSite\",\"@id\":\"https:\\\/\\\/domaine-des-aquarelles.com\\\/#website\",\"url\":\"https:\\\/\\\/domaine-des-aquarelles.com\\\/\",\"name\":\"Domaine des Aquarelles - Chambres d&#039;h\u00f4tes\",\"description\":\"\u201cChambres d\u2019h\u00f4tes \u00e0 Domont r\u00e9gion Ile de France\u201d\",\"publisher\":{\"@id\":\"https:\\\/\\\/domaine-des-aquarelles.com\\\/#organization\"},\"alternateName\":\"Chambres d hotes domaine des aquarelles\",\"potentialAction\":[{\"@type\":\"SearchAction\",\"target\":{\"@type\":\"EntryPoint\",\"urlTemplate\":\"https:\\\/\\\/domaine-des-aquarelles.com\\\/?s={search_term_string}\"},\"query-input\":{\"@type\":\"PropertyValueSpecification\",\"valueRequired\":true,\"valueName\":\"search_term_string\"}}],\"inLanguage\":\"fr-FR\"},{\"@type\":\"Organization\",\"@id\":\"https:\\\/\\\/domaine-des-aquarelles.com\\\/#organization\",\"name\":\"Domaine des Aquarelles\",\"alternateName\":\"Chambres hotes\",\"url\":\"https:\\\/\\\/domaine-des-aquarelles.com\\\/\",\"logo\":{\"@type\":\"ImageObject\",\"inLanguage\":\"fr-FR\",\"@id\":\"https:\\\/\\\/domaine-des-aquarelles.com\\\/#\\\/schema\\\/logo\\\/image\\\/\",\"url\":\"https:\\\/\\\/domaine-des-aquarelles.com\\\/wp-content\\\/uploads\\\/2026\\\/04\\\/cropped-logo.png\",\"contentUrl\":\"https:\\\/\\\/domaine-des-aquarelles.com\\\/wp-content\\\/uploads\\\/2026\\\/04\\\/cropped-logo.png\",\"width\":512,\"height\":512,\"caption\":\"Domaine des Aquarelles\"},\"image\":{\"@id\":\"https:\\\/\\\/domaine-des-aquarelles.com\\\/#\\\/schema\\\/logo\\\/image\\\/\"},\"sameAs\":[\"https:\\\/\\\/www.facebook.com\\\/people\\\/domaine-des-aquarelles\\\/100068159942014\\\/#\"]}]}<\/script>\n<!-- \/ Yoast SEO plugin. -->","yoast_head_json":{"title":"Accueil - Domaine des Aquarelles - Chambres d&#039;h\u00f4tes","robots":{"index":"index","follow":"follow","max-snippet":"max-snippet:-1","max-image-preview":"max-image-preview:large","max-video-preview":"max-video-preview:-1"},"canonical":"https:\/\/domaine-des-aquarelles.com\/","og_locale":"fr_FR","og_type":"article","og_title":"Accueil - Domaine des Aquarelles - Chambres d&#039;h\u00f4tes","og_description":"Corinne et Franck vous accueillent dans leur maison familiale en chambres d&rsquo;h\u00f4tes dans un environnement verdoyant exceptionnel et calme Bienvenue [&hellip;]","og_url":"https:\/\/domaine-des-aquarelles.com\/","og_site_name":"Domaine des Aquarelles - Chambres d&#039;h\u00f4tes","article_publisher":"https:\/\/www.facebook.com\/people\/domaine-des-aquarelles\/100068159942014\/#","article_modified_time":"2026-04-03T15:16:10+00:00","og_image":[{"url":"https:\/\/domaine-des-aquarelles.com\/wp-content\/uploads\/2026\/04\/Maison_domaine_des_aquarelles_chambres_hotes-scaled.jpg","type":"","width":"","height":""}],"twitter_card":"summary_large_image","twitter_misc":{"Dur\u00e9e de lecture estim\u00e9e":"2 minutes"},"schema":{"@context":"https:\/\/schema.org","@graph":[{"@type":"WebPage","@id":"https:\/\/domaine-des-aquarelles.com\/","url":"https:\/\/domaine-des-aquarelles.com\/","name":"Accueil - Domaine des Aquarelles - Chambres d&#039;h\u00f4tes","isPartOf":{"@id":"https:\/\/domaine-des-aquarelles.com\/#website"},"primaryImageOfPage":{"@id":"https:\/\/domaine-des-aquarelles.com\/#primaryimage"},"image":{"@id":"https:\/\/domaine-des-aquarelles.com\/#primaryimage"},"thumbnailUrl":"https:\/\/domaine-des-aquarelles.com\/wp-content\/uploads\/2026\/04\/Maison_domaine_des_aquarelles_chambres_hotes-scaled.jpg","datePublished":"2026-03-26T12:53:46+00:00","dateModified":"2026-04-03T15:16:10+00:00","breadcrumb":{"@id":"https:\/\/domaine-des-aquarelles.com\/#breadcrumb"},"inLanguage":"fr-FR","potentialAction":[{"@type":"ReadAction","target":["https:\/\/domaine-des-aquarelles.com\/"]}]},{"@type":"ImageObject","inLanguage":"fr-FR","@id":"https:\/\/domaine-des-aquarelles.com\/#primaryimage","url":"https:\/\/domaine-des-aquarelles.com\/wp-content\/uploads\/2026\/04\/Maison_domaine_des_aquarelles_chambres_hotes-scaled.jpg","contentUrl":"https:\/\/domaine-des-aquarelles.com\/wp-content\/uploads\/2026\/04\/Maison_domaine_des_aquarelles_chambres_hotes-scaled.jpg","width":2560,"height":1571},{"@type":"BreadcrumbList","@id":"https:\/\/domaine-des-aquarelles.com\/#breadcrumb","itemListElement":[{"@type":"ListItem","position":1,"name":"Accueil","item":"https:\/\/domaine-des-aquarelles.com\/"},{"@type":"ListItem","position":2,"name":"Accueil"}]},{"@type":"WebSite","@id":"https:\/\/domaine-des-aquarelles.com\/#website","url":"https:\/\/domaine-des-aquarelles.com\/","name":"Domaine des Aquarelles - Chambres d&#039;h\u00f4tes","description":"\u201cChambres d\u2019h\u00f4tes \u00e0 Domont r\u00e9gion Ile de France\u201d","publisher":{"@id":"https:\/\/domaine-des-aquarelles.com\/#organization"},"alternateName":"Chambres d hotes domaine des aquarelles","potentialAction":[{"@type":"SearchAction","target":{"@type":"EntryPoint","urlTemplate":"https:\/\/domaine-des-aquarelles.com\/?s={search_term_string}"},"query-input":{"@type":"PropertyValueSpecification","valueRequired":true,"valueName":"search_term_string"}}],"inLanguage":"fr-FR"},{"@type":"Organization","@id":"https:\/\/domaine-des-aquarelles.com\/#organization","name":"Domaine des Aquarelles","alternateName":"Chambres hotes","url":"https:\/\/domaine-des-aquarelles.com\/","logo":{"@type":"ImageObject","inLanguage":"fr-FR","@id":"https:\/\/domaine-des-aquarelles.com\/#\/schema\/logo\/image\/","url":"https:\/\/domaine-des-aquarelles.com\/wp-content\/uploads\/2026\/04\/cropped-logo.png","contentUrl":"https:\/\/domaine-des-aquarelles.com\/wp-content\/uploads\/2026\/04\/cropped-logo.png","width":512,"height":512,"caption":"Domaine des Aquarelles"},"image":{"@id":"https:\/\/domaine-des-aquarelles.com\/#\/schema\/logo\/image\/"},"sameAs":["https:\/\/www.facebook.com\/people\/domaine-des-aquarelles\/100068159942014\/#"]}]}},"_links":{"self":[{"href":"https:\/\/domaine-des-aquarelles.com\/index.php?rest_route=\/wp\/v2\/pages\/55","targetHints":{"allow":["GET"]}}],"collection":[{"href":"https:\/\/domaine-des-aquarelles.com\/index.php?rest_route=\/wp\/v2\/pages"}],"about":[{"href":"https:\/\/domaine-des-aquarelles.com\/index.php?rest_route=\/wp\/v2\/types\/page"}],"author":[{"embeddable":true,"href":"https:\/\/domaine-des-aquarelles.com\/index.php?rest_route=\/wp\/v2\/users\/1"}],"replies":[{"embeddable":true,"href":"https:\/\/domaine-des-aquarelles.com\/index.php?rest_route=%2Fwp%2Fv2%2Fcomments&post=55"}],"version-history":[{"count":6,"href":"https:\/\/domaine-des-aquarelles.com\/index.php?rest_route=\/wp\/v2\/pages\/55\/revisions"}],"predecessor-version":[{"id":184,"href":"https:\/\/domaine-des-aquarelles.com\/index.php?rest_route=\/wp\/v2\/pages\/55\/revisions\/184"}],"wp:attachment":[{"href":"https:\/\/domaine-des-aquarelles.com\/index.php?rest_route=%2Fwp%2Fv2%2Fmedia&parent=55"}],"curies":[{"name":"wp","href":"https:\/\/api.w.org\/{rel}","templated":true}]}}