{"id":64,"date":"2026-03-26T14:13:38","date_gmt":"2026-03-26T13:13:38","guid":{"rendered":"https:\/\/domaine-des-aquarelles.com\/wp\/?page_id=64"},"modified":"2026-04-03T16:27:05","modified_gmt":"2026-04-03T15:27:05","slug":"galerie","status":"publish","type":"page","link":"https:\/\/domaine-des-aquarelles.com\/?page_id=64","title":{"rendered":"galerie"},"content":{"rendered":"\n<figure class=\"wp-block-gallery has-nested-images columns-default is-cropped wp-block-gallery-1 is-layout-flex wp-block-gallery-is-layout-flex\">\n<figure class=\"wp-block-image size-large\"><img loading=\"lazy\" decoding=\"async\" width=\"1024\" height=\"768\" data-id=\"147\" src=\"https:\/\/domaine-des-aquarelles.com\/wp-content\/uploads\/2026\/04\/signal-2025-07-09-200714-2-1024x768.jpeg\" alt=\"\" class=\"wp-image-147\" srcset=\"https:\/\/domaine-des-aquarelles.com\/wp-content\/uploads\/2026\/04\/signal-2025-07-09-200714-2-1024x768.jpeg 1024w, https:\/\/domaine-des-aquarelles.com\/wp-content\/uploads\/2026\/04\/signal-2025-07-09-200714-2-300x225.jpeg 300w, https:\/\/domaine-des-aquarelles.com\/wp-content\/uploads\/2026\/04\/signal-2025-07-09-200714-2-768x576.jpeg 768w, https:\/\/domaine-des-aquarelles.com\/wp-content\/uploads\/2026\/04\/signal-2025-07-09-200714-2-1536x1152.jpeg 1536w, https:\/\/domaine-des-aquarelles.com\/wp-content\/uploads\/2026\/04\/signal-2025-07-09-200714-2.jpeg 2048w\" sizes=\"auto, (max-width: 1024px) 100vw, 1024px\" \/><\/figure>\n\n\n\n<figure class=\"wp-block-image size-large\"><img loading=\"lazy\" decoding=\"async\" width=\"1024\" height=\"1024\" data-id=\"146\" src=\"https:\/\/domaine-des-aquarelles.com\/wp-content\/uploads\/2026\/04\/IMG_20250702_131638-1024x1024.jpg\" alt=\"\" class=\"wp-image-146\" srcset=\"https:\/\/domaine-des-aquarelles.com\/wp-content\/uploads\/2026\/04\/IMG_20250702_131638-1024x1024.jpg 1024w, https:\/\/domaine-des-aquarelles.com\/wp-content\/uploads\/2026\/04\/IMG_20250702_131638-300x300.jpg 300w, https:\/\/domaine-des-aquarelles.com\/wp-content\/uploads\/2026\/04\/IMG_20250702_131638-150x150.jpg 150w, https:\/\/domaine-des-aquarelles.com\/wp-content\/uploads\/2026\/04\/IMG_20250702_131638-768x768.jpg 768w, https:\/\/domaine-des-aquarelles.com\/wp-content\/uploads\/2026\/04\/IMG_20250702_131638-1536x1536.jpg 1536w, https:\/\/domaine-des-aquarelles.com\/wp-content\/uploads\/2026\/04\/IMG_20250702_131638-2048x2048.jpg 2048w\" sizes=\"auto, (max-width: 1024px) 100vw, 1024px\" \/><\/figure>\n\n\n\n<figure class=\"wp-block-image size-large\"><img loading=\"lazy\" decoding=\"async\" width=\"1024\" height=\"1024\" data-id=\"145\" src=\"https:\/\/domaine-des-aquarelles.com\/wp-content\/uploads\/2026\/04\/IMG_20250703_133947-1024x1024.jpg\" alt=\"\" class=\"wp-image-145\" srcset=\"https:\/\/domaine-des-aquarelles.com\/wp-content\/uploads\/2026\/04\/IMG_20250703_133947-1024x1024.jpg 1024w, https:\/\/domaine-des-aquarelles.com\/wp-content\/uploads\/2026\/04\/IMG_20250703_133947-300x300.jpg 300w, https:\/\/domaine-des-aquarelles.com\/wp-content\/uploads\/2026\/04\/IMG_20250703_133947-150x150.jpg 150w, https:\/\/domaine-des-aquarelles.com\/wp-content\/uploads\/2026\/04\/IMG_20250703_133947-768x768.jpg 768w, https:\/\/domaine-des-aquarelles.com\/wp-content\/uploads\/2026\/04\/IMG_20250703_133947-1536x1536.jpg 1536w, https:\/\/domaine-des-aquarelles.com\/wp-content\/uploads\/2026\/04\/IMG_20250703_133947-2048x2048.jpg 2048w\" sizes=\"auto, (max-width: 1024px) 100vw, 1024px\" \/><\/figure>\n\n\n\n<figure class=\"wp-block-image size-large\"><img loading=\"lazy\" decoding=\"async\" width=\"1024\" height=\"1024\" data-id=\"144\" src=\"https:\/\/domaine-des-aquarelles.com\/wp-content\/uploads\/2026\/04\/signal-2025-07-09-192948-1-1024x1024.jpeg\" alt=\"\" class=\"wp-image-144\" srcset=\"https:\/\/domaine-des-aquarelles.com\/wp-content\/uploads\/2026\/04\/signal-2025-07-09-192948-1-1024x1024.jpeg 1024w, https:\/\/domaine-des-aquarelles.com\/wp-content\/uploads\/2026\/04\/signal-2025-07-09-192948-1-300x300.jpeg 300w, https:\/\/domaine-des-aquarelles.com\/wp-content\/uploads\/2026\/04\/signal-2025-07-09-192948-1-150x150.jpeg 150w, https:\/\/domaine-des-aquarelles.com\/wp-content\/uploads\/2026\/04\/signal-2025-07-09-192948-1-768x768.jpeg 768w, https:\/\/domaine-des-aquarelles.com\/wp-content\/uploads\/2026\/04\/signal-2025-07-09-192948-1-1536x1536.jpeg 1536w, https:\/\/domaine-des-aquarelles.com\/wp-content\/uploads\/2026\/04\/signal-2025-07-09-192948-1.jpeg 2048w\" sizes=\"auto, (max-width: 1024px) 100vw, 1024px\" \/><\/figure>\n\n\n\n<figure class=\"wp-block-image size-large\"><img loading=\"lazy\" decoding=\"async\" width=\"1024\" height=\"1024\" data-id=\"143\" src=\"https:\/\/domaine-des-aquarelles.com\/wp-content\/uploads\/2026\/04\/signal-2025-07-09-192948_002-1-1024x1024.jpeg\" alt=\"\" class=\"wp-image-143\" srcset=\"https:\/\/domaine-des-aquarelles.com\/wp-content\/uploads\/2026\/04\/signal-2025-07-09-192948_002-1-1024x1024.jpeg 1024w, https:\/\/domaine-des-aquarelles.com\/wp-content\/uploads\/2026\/04\/signal-2025-07-09-192948_002-1-300x300.jpeg 300w, https:\/\/domaine-des-aquarelles.com\/wp-content\/uploads\/2026\/04\/signal-2025-07-09-192948_002-1-150x150.jpeg 150w, https:\/\/domaine-des-aquarelles.com\/wp-content\/uploads\/2026\/04\/signal-2025-07-09-192948_002-1-768x768.jpeg 768w, https:\/\/domaine-des-aquarelles.com\/wp-content\/uploads\/2026\/04\/signal-2025-07-09-192948_002-1-1536x1536.jpeg 1536w, https:\/\/domaine-des-aquarelles.com\/wp-content\/uploads\/2026\/04\/signal-2025-07-09-192948_002-1.jpeg 2048w\" sizes=\"auto, (max-width: 1024px) 100vw, 1024px\" \/><\/figure>\n\n\n\n<figure class=\"wp-block-image size-large\"><img loading=\"lazy\" decoding=\"async\" width=\"1024\" height=\"1024\" data-id=\"142\" src=\"https:\/\/domaine-des-aquarelles.com\/wp-content\/uploads\/2026\/04\/IMG_20250612_132942-1024x1024.jpg\" alt=\"\" class=\"wp-image-142\" srcset=\"https:\/\/domaine-des-aquarelles.com\/wp-content\/uploads\/2026\/04\/IMG_20250612_132942-1024x1024.jpg 1024w, https:\/\/domaine-des-aquarelles.com\/wp-content\/uploads\/2026\/04\/IMG_20250612_132942-300x300.jpg 300w, https:\/\/domaine-des-aquarelles.com\/wp-content\/uploads\/2026\/04\/IMG_20250612_132942-150x150.jpg 150w, https:\/\/domaine-des-aquarelles.com\/wp-content\/uploads\/2026\/04\/IMG_20250612_132942-768x768.jpg 768w, https:\/\/domaine-des-aquarelles.com\/wp-content\/uploads\/2026\/04\/IMG_20250612_132942-1536x1536.jpg 1536w, https:\/\/domaine-des-aquarelles.com\/wp-content\/uploads\/2026\/04\/IMG_20250612_132942-2048x2048.jpg 2048w\" sizes=\"auto, (max-width: 1024px) 100vw, 1024px\" \/><\/figure>\n\n\n\n<figure class=\"wp-block-image size-large\"><img loading=\"lazy\" decoding=\"async\" width=\"1024\" height=\"628\" data-id=\"140\" src=\"https:\/\/domaine-des-aquarelles.com\/wp-content\/uploads\/2026\/04\/Maison_domaine_des_aquarelles_chambres_hotes-1024x628.jpg\" alt=\"\" class=\"wp-image-140\" srcset=\"https:\/\/domaine-des-aquarelles.com\/wp-content\/uploads\/2026\/04\/Maison_domaine_des_aquarelles_chambres_hotes-1024x628.jpg 1024w, https:\/\/domaine-des-aquarelles.com\/wp-content\/uploads\/2026\/04\/Maison_domaine_des_aquarelles_chambres_hotes-300x184.jpg 300w, https:\/\/domaine-des-aquarelles.com\/wp-content\/uploads\/2026\/04\/Maison_domaine_des_aquarelles_chambres_hotes-768x471.jpg 768w, https:\/\/domaine-des-aquarelles.com\/wp-content\/uploads\/2026\/04\/Maison_domaine_des_aquarelles_chambres_hotes-1536x943.jpg 1536w, https:\/\/domaine-des-aquarelles.com\/wp-content\/uploads\/2026\/04\/Maison_domaine_des_aquarelles_chambres_hotes-2048x1257.jpg 2048w\" sizes=\"auto, (max-width: 1024px) 100vw, 1024px\" \/><\/figure>\n\n\n\n<figure class=\"wp-block-image size-large\"><img loading=\"lazy\" decoding=\"async\" width=\"1024\" height=\"1024\" data-id=\"136\" src=\"https:\/\/domaine-des-aquarelles.com\/wp-content\/uploads\/2026\/04\/IMG_20250702_131313-1-1024x1024.jpg\" alt=\"Chambre Aquarelles\" class=\"wp-image-136\" srcset=\"https:\/\/domaine-des-aquarelles.com\/wp-content\/uploads\/2026\/04\/IMG_20250702_131313-1-1024x1024.jpg 1024w, https:\/\/domaine-des-aquarelles.com\/wp-content\/uploads\/2026\/04\/IMG_20250702_131313-1-300x300.jpg 300w, https:\/\/domaine-des-aquarelles.com\/wp-content\/uploads\/2026\/04\/IMG_20250702_131313-1-150x150.jpg 150w, https:\/\/domaine-des-aquarelles.com\/wp-content\/uploads\/2026\/04\/IMG_20250702_131313-1-768x768.jpg 768w, https:\/\/domaine-des-aquarelles.com\/wp-content\/uploads\/2026\/04\/IMG_20250702_131313-1-1536x1536.jpg 1536w, https:\/\/domaine-des-aquarelles.com\/wp-content\/uploads\/2026\/04\/IMG_20250702_131313-1-2048x2048.jpg 2048w\" sizes=\"auto, (max-width: 1024px) 100vw, 1024px\" \/><figcaption class=\"wp-element-caption\">Chambre aquarelles au domaine des aquarelles chambres d&rsquo;h\u00f4tes \u00e0 Domont <\/figcaption><\/figure>\n\n\n\n<figure class=\"wp-block-image size-large\"><img loading=\"lazy\" decoding=\"async\" width=\"1024\" height=\"1024\" data-id=\"133\" src=\"https:\/\/domaine-des-aquarelles.com\/wp-content\/uploads\/2026\/04\/signal-2025-07-09-192948_002-1024x1024.jpeg\" alt=\"\" class=\"wp-image-133\" srcset=\"https:\/\/domaine-des-aquarelles.com\/wp-content\/uploads\/2026\/04\/signal-2025-07-09-192948_002-1024x1024.jpeg 1024w, https:\/\/domaine-des-aquarelles.com\/wp-content\/uploads\/2026\/04\/signal-2025-07-09-192948_002-300x300.jpeg 300w, https:\/\/domaine-des-aquarelles.com\/wp-content\/uploads\/2026\/04\/signal-2025-07-09-192948_002-150x150.jpeg 150w, https:\/\/domaine-des-aquarelles.com\/wp-content\/uploads\/2026\/04\/signal-2025-07-09-192948_002-768x768.jpeg 768w, https:\/\/domaine-des-aquarelles.com\/wp-content\/uploads\/2026\/04\/signal-2025-07-09-192948_002-1536x1536.jpeg 1536w, https:\/\/domaine-des-aquarelles.com\/wp-content\/uploads\/2026\/04\/signal-2025-07-09-192948_002.jpeg 2048w\" sizes=\"auto, (max-width: 1024px) 100vw, 1024px\" \/><\/figure>\n\n\n\n<figure class=\"wp-block-image size-large\"><img loading=\"lazy\" decoding=\"async\" width=\"1024\" height=\"768\" data-id=\"126\" src=\"https:\/\/domaine-des-aquarelles.com\/wp-content\/uploads\/2026\/04\/signal-2025-07-09-200714-1024x768.jpeg\" alt=\"\" class=\"wp-image-126\" srcset=\"https:\/\/domaine-des-aquarelles.com\/wp-content\/uploads\/2026\/04\/signal-2025-07-09-200714-1024x768.jpeg 1024w, https:\/\/domaine-des-aquarelles.com\/wp-content\/uploads\/2026\/04\/signal-2025-07-09-200714-300x225.jpeg 300w, https:\/\/domaine-des-aquarelles.com\/wp-content\/uploads\/2026\/04\/signal-2025-07-09-200714-768x576.jpeg 768w, https:\/\/domaine-des-aquarelles.com\/wp-content\/uploads\/2026\/04\/signal-2025-07-09-200714-1536x1152.jpeg 1536w, https:\/\/domaine-des-aquarelles.com\/wp-content\/uploads\/2026\/04\/signal-2025-07-09-200714.jpeg 2048w\" sizes=\"auto, (max-width: 1024px) 100vw, 1024px\" \/><\/figure>\n<\/figure>\n","protected":false},"excerpt":{"rendered":"","protected":false},"author":1,"featured_media":0,"parent":0,"menu_order":0,"comment_status":"closed","ping_status":"closed","template":"","meta":{"site-sidebar-layout":"default","site-content-layout":"","ast-site-content-layout":"default","site-content-style":"default","site-sidebar-style":"default","ast-global-header-display":"","ast-banner-title-visibility":"","ast-main-header-display":"","ast-hfb-above-header-display":"","ast-hfb-below-header-display":"","ast-hfb-mobile-header-display":"","site-post-title":"disabled","ast-breadcrumbs-content":"","ast-featured-img":"","footer-sml-layout":"","ast-disable-related-posts":"","theme-transparent-header-meta":"","adv-header-id-meta":"","stick-header-meta":"","header-above-stick-meta":"","header-main-stick-meta":"","header-below-stick-meta":"","astra-migrate-meta-layouts":"default","ast-page-background-enabled":"default","ast-page-background-meta":{"desktop":{"background-color":"var(--ast-global-color-5)","background-image":"","background-repeat":"repeat","background-position":"center center","background-size":"auto","background-attachment":"scroll","background-type":"","background-media":"","overlay-type":"","overlay-color":"","overlay-opacity":"","overlay-gradient":""},"tablet":{"background-color":"","background-image":"","background-repeat":"repeat","background-position":"center center","background-size":"auto","background-attachment":"scroll","background-type":"","background-media":"","overlay-type":"","overlay-color":"","overlay-opacity":"","overlay-gradient":""},"mobile":{"background-color":"","background-image":"","background-repeat":"repeat","background-position":"center center","background-size":"auto","background-attachment":"scroll","background-type":"","background-media":"","overlay-type":"","overlay-color":"","overlay-opacity":"","overlay-gradient":""}},"ast-content-background-meta":{"desktop":{"background-color":"var(--ast-global-color-4)","background-image":"","background-repeat":"repeat","background-position":"center center","background-size":"auto","background-attachment":"scroll","background-type":"","background-media":"","overlay-type":"","overlay-color":"","overlay-opacity":"","overlay-gradient":""},"tablet":{"background-color":"var(--ast-global-color-4)","background-image":"","background-repeat":"repeat","background-position":"center center","background-size":"auto","background-attachment":"scroll","background-type":"","background-media":"","overlay-type":"","overlay-color":"","overlay-opacity":"","overlay-gradient":""},"mobile":{"background-color":"var(--ast-global-color-4)","background-image":"","background-repeat":"repeat","background-position":"center center","background-size":"auto","background-attachment":"scroll","background-type":"","background-media":"","overlay-type":"","overlay-color":"","overlay-opacity":"","overlay-gradient":""}},"footnotes":""},"class_list":["post-64","page","type-page","status-publish","hentry"],"yoast_head":"<!-- This site is optimized with the Yoast SEO plugin v27.3 - https:\/\/yoast.com\/product\/yoast-seo-wordpress\/ -->\n<title>galerie - Domaine des Aquarelles - Chambres d&#039;h\u00f4tes<\/title>\n<meta name=\"robots\" content=\"index, follow, max-snippet:-1, max-image-preview:large, max-video-preview:-1\" \/>\n<link rel=\"canonical\" href=\"https:\/\/domaine-des-aquarelles.com\/?page_id=64\" \/>\n<meta property=\"og:locale\" content=\"fr_FR\" \/>\n<meta property=\"og:type\" content=\"article\" \/>\n<meta property=\"og:title\" content=\"galerie - Domaine des Aquarelles - Chambres d&#039;h\u00f4tes\" \/>\n<meta property=\"og:url\" content=\"https:\/\/domaine-des-aquarelles.com\/?page_id=64\" \/>\n<meta property=\"og:site_name\" content=\"Domaine des Aquarelles - Chambres d&#039;h\u00f4tes\" \/>\n<meta property=\"article:publisher\" content=\"https:\/\/www.facebook.com\/people\/domaine-des-aquarelles\/100068159942014\/#\" \/>\n<meta property=\"article:modified_time\" content=\"2026-04-03T15:27:05+00:00\" \/>\n<meta property=\"og:image\" content=\"https:\/\/domaine-des-aquarelles.com\/wp-content\/uploads\/2026\/04\/signal-2025-07-09-200714-2-1024x768.jpeg\" \/>\n<meta name=\"twitter:card\" content=\"summary_large_image\" \/>\n<script type=\"application\/ld+json\" class=\"yoast-schema-graph\">{\"@context\":\"https:\\\/\\\/schema.org\",\"@graph\":[{\"@type\":\"WebPage\",\"@id\":\"https:\\\/\\\/domaine-des-aquarelles.com\\\/?page_id=64\",\"url\":\"https:\\\/\\\/domaine-des-aquarelles.com\\\/?page_id=64\",\"name\":\"galerie - Domaine des Aquarelles - Chambres d&#039;h\u00f4tes\",\"isPartOf\":{\"@id\":\"https:\\\/\\\/domaine-des-aquarelles.com\\\/#website\"},\"primaryImageOfPage\":{\"@id\":\"https:\\\/\\\/domaine-des-aquarelles.com\\\/?page_id=64#primaryimage\"},\"image\":{\"@id\":\"https:\\\/\\\/domaine-des-aquarelles.com\\\/?page_id=64#primaryimage\"},\"thumbnailUrl\":\"https:\\\/\\\/domaine-des-aquarelles.com\\\/wp-content\\\/uploads\\\/2026\\\/04\\\/signal-2025-07-09-200714-2-1024x768.jpeg\",\"datePublished\":\"2026-03-26T13:13:38+00:00\",\"dateModified\":\"2026-04-03T15:27:05+00:00\",\"breadcrumb\":{\"@id\":\"https:\\\/\\\/domaine-des-aquarelles.com\\\/?page_id=64#breadcrumb\"},\"inLanguage\":\"fr-FR\",\"potentialAction\":[{\"@type\":\"ReadAction\",\"target\":[\"https:\\\/\\\/domaine-des-aquarelles.com\\\/?page_id=64\"]}]},{\"@type\":\"ImageObject\",\"inLanguage\":\"fr-FR\",\"@id\":\"https:\\\/\\\/domaine-des-aquarelles.com\\\/?page_id=64#primaryimage\",\"url\":\"https:\\\/\\\/domaine-des-aquarelles.com\\\/wp-content\\\/uploads\\\/2026\\\/04\\\/signal-2025-07-09-200714-2.jpeg\",\"contentUrl\":\"https:\\\/\\\/domaine-des-aquarelles.com\\\/wp-content\\\/uploads\\\/2026\\\/04\\\/signal-2025-07-09-200714-2.jpeg\",\"width\":2048,\"height\":1536},{\"@type\":\"BreadcrumbList\",\"@id\":\"https:\\\/\\\/domaine-des-aquarelles.com\\\/?page_id=64#breadcrumb\",\"itemListElement\":[{\"@type\":\"ListItem\",\"position\":1,\"name\":\"Accueil\",\"item\":\"https:\\\/\\\/domaine-des-aquarelles.com\\\/\"},{\"@type\":\"ListItem\",\"position\":2,\"name\":\"galerie\"}]},{\"@type\":\"WebSite\",\"@id\":\"https:\\\/\\\/domaine-des-aquarelles.com\\\/#website\",\"url\":\"https:\\\/\\\/domaine-des-aquarelles.com\\\/\",\"name\":\"Domaine des Aquarelles - Chambres d&#039;h\u00f4tes\",\"description\":\"\u201cChambres d\u2019h\u00f4tes \u00e0 Domont r\u00e9gion Ile de France\u201d\",\"publisher\":{\"@id\":\"https:\\\/\\\/domaine-des-aquarelles.com\\\/#organization\"},\"alternateName\":\"Chambres d hotes domaine des aquarelles\",\"potentialAction\":[{\"@type\":\"SearchAction\",\"target\":{\"@type\":\"EntryPoint\",\"urlTemplate\":\"https:\\\/\\\/domaine-des-aquarelles.com\\\/?s={search_term_string}\"},\"query-input\":{\"@type\":\"PropertyValueSpecification\",\"valueRequired\":true,\"valueName\":\"search_term_string\"}}],\"inLanguage\":\"fr-FR\"},{\"@type\":\"Organization\",\"@id\":\"https:\\\/\\\/domaine-des-aquarelles.com\\\/#organization\",\"name\":\"Domaine des Aquarelles\",\"alternateName\":\"Chambres hotes\",\"url\":\"https:\\\/\\\/domaine-des-aquarelles.com\\\/\",\"logo\":{\"@type\":\"ImageObject\",\"inLanguage\":\"fr-FR\",\"@id\":\"https:\\\/\\\/domaine-des-aquarelles.com\\\/#\\\/schema\\\/logo\\\/image\\\/\",\"url\":\"https:\\\/\\\/domaine-des-aquarelles.com\\\/wp-content\\\/uploads\\\/2026\\\/04\\\/cropped-logo.png\",\"contentUrl\":\"https:\\\/\\\/domaine-des-aquarelles.com\\\/wp-content\\\/uploads\\\/2026\\\/04\\\/cropped-logo.png\",\"width\":512,\"height\":512,\"caption\":\"Domaine des Aquarelles\"},\"image\":{\"@id\":\"https:\\\/\\\/domaine-des-aquarelles.com\\\/#\\\/schema\\\/logo\\\/image\\\/\"},\"sameAs\":[\"https:\\\/\\\/www.facebook.com\\\/people\\\/domaine-des-aquarelles\\\/100068159942014\\\/#\"]}]}<\/script>\n<!-- \/ Yoast SEO plugin. -->","yoast_head_json":{"title":"galerie - Domaine des Aquarelles - Chambres d&#039;h\u00f4tes","robots":{"index":"index","follow":"follow","max-snippet":"max-snippet:-1","max-image-preview":"max-image-preview:large","max-video-preview":"max-video-preview:-1"},"canonical":"https:\/\/domaine-des-aquarelles.com\/?page_id=64","og_locale":"fr_FR","og_type":"article","og_title":"galerie - Domaine des Aquarelles - Chambres d&#039;h\u00f4tes","og_url":"https:\/\/domaine-des-aquarelles.com\/?page_id=64","og_site_name":"Domaine des Aquarelles - Chambres d&#039;h\u00f4tes","article_publisher":"https:\/\/www.facebook.com\/people\/domaine-des-aquarelles\/100068159942014\/#","article_modified_time":"2026-04-03T15:27:05+00:00","og_image":[{"url":"https:\/\/domaine-des-aquarelles.com\/wp-content\/uploads\/2026\/04\/signal-2025-07-09-200714-2-1024x768.jpeg","type":"","width":"","height":""}],"twitter_card":"summary_large_image","schema":{"@context":"https:\/\/schema.org","@graph":[{"@type":"WebPage","@id":"https:\/\/domaine-des-aquarelles.com\/?page_id=64","url":"https:\/\/domaine-des-aquarelles.com\/?page_id=64","name":"galerie - Domaine des Aquarelles - Chambres d&#039;h\u00f4tes","isPartOf":{"@id":"https:\/\/domaine-des-aquarelles.com\/#website"},"primaryImageOfPage":{"@id":"https:\/\/domaine-des-aquarelles.com\/?page_id=64#primaryimage"},"image":{"@id":"https:\/\/domaine-des-aquarelles.com\/?page_id=64#primaryimage"},"thumbnailUrl":"https:\/\/domaine-des-aquarelles.com\/wp-content\/uploads\/2026\/04\/signal-2025-07-09-200714-2-1024x768.jpeg","datePublished":"2026-03-26T13:13:38+00:00","dateModified":"2026-04-03T15:27:05+00:00","breadcrumb":{"@id":"https:\/\/domaine-des-aquarelles.com\/?page_id=64#breadcrumb"},"inLanguage":"fr-FR","potentialAction":[{"@type":"ReadAction","target":["https:\/\/domaine-des-aquarelles.com\/?page_id=64"]}]},{"@type":"ImageObject","inLanguage":"fr-FR","@id":"https:\/\/domaine-des-aquarelles.com\/?page_id=64#primaryimage","url":"https:\/\/domaine-des-aquarelles.com\/wp-content\/uploads\/2026\/04\/signal-2025-07-09-200714-2.jpeg","contentUrl":"https:\/\/domaine-des-aquarelles.com\/wp-content\/uploads\/2026\/04\/signal-2025-07-09-200714-2.jpeg","width":2048,"height":1536},{"@type":"BreadcrumbList","@id":"https:\/\/domaine-des-aquarelles.com\/?page_id=64#breadcrumb","itemListElement":[{"@type":"ListItem","position":1,"name":"Accueil","item":"https:\/\/domaine-des-aquarelles.com\/"},{"@type":"ListItem","position":2,"name":"galerie"}]},{"@type":"WebSite","@id":"https:\/\/domaine-des-aquarelles.com\/#website","url":"https:\/\/domaine-des-aquarelles.com\/","name":"Domaine des Aquarelles - Chambres d&#039;h\u00f4tes","description":"\u201cChambres d\u2019h\u00f4tes \u00e0 Domont r\u00e9gion Ile de France\u201d","publisher":{"@id":"https:\/\/domaine-des-aquarelles.com\/#organization"},"alternateName":"Chambres d hotes domaine des aquarelles","potentialAction":[{"@type":"SearchAction","target":{"@type":"EntryPoint","urlTemplate":"https:\/\/domaine-des-aquarelles.com\/?s={search_term_string}"},"query-input":{"@type":"PropertyValueSpecification","valueRequired":true,"valueName":"search_term_string"}}],"inLanguage":"fr-FR"},{"@type":"Organization","@id":"https:\/\/domaine-des-aquarelles.com\/#organization","name":"Domaine des Aquarelles","alternateName":"Chambres hotes","url":"https:\/\/domaine-des-aquarelles.com\/","logo":{"@type":"ImageObject","inLanguage":"fr-FR","@id":"https:\/\/domaine-des-aquarelles.com\/#\/schema\/logo\/image\/","url":"https:\/\/domaine-des-aquarelles.com\/wp-content\/uploads\/2026\/04\/cropped-logo.png","contentUrl":"https:\/\/domaine-des-aquarelles.com\/wp-content\/uploads\/2026\/04\/cropped-logo.png","width":512,"height":512,"caption":"Domaine des Aquarelles"},"image":{"@id":"https:\/\/domaine-des-aquarelles.com\/#\/schema\/logo\/image\/"},"sameAs":["https:\/\/www.facebook.com\/people\/domaine-des-aquarelles\/100068159942014\/#"]}]}},"_links":{"self":[{"href":"https:\/\/domaine-des-aquarelles.com\/index.php?rest_route=\/wp\/v2\/pages\/64","targetHints":{"allow":["GET"]}}],"collection":[{"href":"https:\/\/domaine-des-aquarelles.com\/index.php?rest_route=\/wp\/v2\/pages"}],"about":[{"href":"https:\/\/domaine-des-aquarelles.com\/index.php?rest_route=\/wp\/v2\/types\/page"}],"author":[{"embeddable":true,"href":"https:\/\/domaine-des-aquarelles.com\/index.php?rest_route=\/wp\/v2\/users\/1"}],"replies":[{"embeddable":true,"href":"https:\/\/domaine-des-aquarelles.com\/index.php?rest_route=%2Fwp%2Fv2%2Fcomments&post=64"}],"version-history":[{"count":4,"href":"https:\/\/domaine-des-aquarelles.com\/index.php?rest_route=\/wp\/v2\/pages\/64\/revisions"}],"predecessor-version":[{"id":189,"href":"https:\/\/domaine-des-aquarelles.com\/index.php?rest_route=\/wp\/v2\/pages\/64\/revisions\/189"}],"wp:attachment":[{"href":"https:\/\/domaine-des-aquarelles.com\/index.php?rest_route=%2Fwp%2Fv2%2Fmedia&parent=64"}],"curies":[{"name":"wp","href":"https:\/\/api.w.org\/{rel}","templated":true}]}}