{"id":66,"date":"2026-03-26T14:14:00","date_gmt":"2026-03-26T13:14:00","guid":{"rendered":"https:\/\/domaine-des-aquarelles.com\/wp\/?page_id=66"},"modified":"2026-04-03T20:15:04","modified_gmt":"2026-04-03T19:15:04","slug":"activites","status":"publish","type":"page","link":"https:\/\/domaine-des-aquarelles.com\/?page_id=66","title":{"rendered":"activites"},"content":{"rendered":"\n<div class=\"wp-block-media-text has-media-on-the-right is-stacked-on-mobile is-vertically-aligned-center\" style=\"grid-template-columns:auto 35%\"><div class=\"wp-block-media-text__content\">\n<h3 class=\"wp-block-heading\"><strong>Visite du ch\u00e2teau&nbsp; <mark style=\"background-color:rgba(0, 0, 0, 0);color:#fcb900\" class=\"has-inline-color\">d&rsquo;\u00c9couen (5,4Km)<\/mark><\/strong><\/h3>\n\n\n\n<p>Le mus\u00e9e national de la Renaissance et ses riches collections invitent \u00e0 la d\u00e9couverte d&rsquo;un univers \u00e9pris de beaut\u00e9, d&rsquo;intelligence et d&rsquo;imagination. Le mus\u00e9e est install\u00e9 depuis 1977 dans le cadre magnifiquement pr\u00e9serv\u00e9 du Ch\u00e2teau d&rsquo;\u00c9couen, un joyau de l&rsquo;architecture de la Renaissance fran\u00e7aise construit au 16e si\u00e8cle pour le conn\u00e9table Anne de Montmorency, \u00e0 mi chemin entre Paris et Chantilly. Le Ch\u00e2teau d&rsquo;\u00c9couen est l&rsquo;\u00e9gal des grands ch\u00e2teaux de la Loire, un des plus prestigieux monuments de la Renaissance. Appartements, d\u00e9cors, tapisseries, orf\u00e8vreries, peintures, sculptures, bronzes, mobiliers, livres et reliures, armes, serrures, les d\u00e9buts&#8230;&nbsp; Voici le cadre luxueux de la cour et l&rsquo;univers des humanistes de la Renaissance.&nbsp;<\/p>\n\n\n\n<h2 class=\"wp-block-heading\"><strong>Visite de l&rsquo;<mark style=\"background-color:rgba(0, 0, 0, 0);color:#fcb900\" class=\"has-inline-color\">Abbaye de Royaumont (18,4Km)<\/mark><\/strong><\/h2>\n\n\n\n<p>Fond\u00e9e par Saint-Louis en 1228, Royaumont est la plus grande abbaye d&rsquo;Ile de France. Elle poss\u00e8de le plus grand clo\u00eetre cistercien de France dans un parc magnifique. Environn\u00e9e de ruisseaux et proche d&rsquo;une r\u00e9serve ornithologique, l&rsquo;abbaye de Royaumont a \u00e9t\u00e9 \u00e9difi\u00e9e au XIII\u00b0 si\u00e8cle par Saint Louis.<\/p>\n\n\n\n<p>Implant\u00e9e dans un environnement prot\u00e9g\u00e9, l&rsquo;abbaye se dresse encore aujourd&rsquo;hui au milieu des marais et des for\u00eats. Son clo\u00eetre et son r\u00e9fectoire sont parmi les plus remarquables \u00e0 ce jour.<\/p>\n<\/div><figure class=\"wp-block-media-text__media\"><img loading=\"lazy\" decoding=\"async\" width=\"290\" height=\"213\" src=\"https:\/\/domaine-des-aquarelles.com\/wp-content\/uploads\/2026\/03\/sl_royaumont2.jpg\" alt=\"Abbaye de Royaumont\" class=\"wp-image-80 size-full\"\/><\/figure><\/div>\n\n\n\n<h3 class=\"wp-block-heading has-text-align-center\"><strong><mark style=\"background-color:var(--ast-global-color-6)\" class=\"has-inline-color\">\u00ab\u00a0Sur les pas de Van Gogh \/ sur les pas de Cezanne\u00a0\u00bb (Auvers sur Oise \u00e0 19,8Km)<\/mark><\/strong><\/h3>\n\n\n\n<div class=\"wp-block-columns is-layout-flex wp-container-core-columns-is-layout-28f84493 wp-block-columns-is-layout-flex\">\n<div class=\"wp-block-column is-layout-flow wp-block-column-is-layout-flow\" style=\"flex-basis:66.66%\">\n<div class=\"wp-block-media-text is-stacked-on-mobile is-vertically-aligned-top\" style=\"grid-template-columns:27% auto\"><figure class=\"wp-block-media-text__media\"><img loading=\"lazy\" decoding=\"async\" width=\"243\" height=\"350\" src=\"https:\/\/domaine-des-aquarelles.com\/wp-content\/uploads\/2026\/04\/auvers-1.jpg\" alt=\"\" class=\"wp-image-157 size-full\" srcset=\"https:\/\/domaine-des-aquarelles.com\/wp-content\/uploads\/2026\/04\/auvers-1.jpg 243w, https:\/\/domaine-des-aquarelles.com\/wp-content\/uploads\/2026\/04\/auvers-1-208x300.jpg 208w\" sizes=\"auto, (max-width: 243px) 100vw, 243px\" \/><\/figure><div class=\"wp-block-media-text__content\">\n<p>Sur les pas de Van Gogh : vous d\u00e9couvrirez les motifs peints par Van Gogh lors de son bref et dramatique s\u00e9jour, en passant devant la Mairie, l&rsquo;Auberge Ravoux, le monument \u00e0 Van Gogh de Zadkine, l&rsquo;\u00e9glise et le cimeti\u00e8re. Sur les pas de Cezanne : Cezanne v\u00e9cu 18 mois \u00e0 Auvers-sur-Oise, c&rsquo;est ici qu&rsquo;il retrouve confiance en lui et \u00e9claircit sa palette au cot\u00e9s de Pissaro. La promenade mettra \u00e0 l&rsquo;honneur l&rsquo;artiste en abordant la p\u00e9riode impressionniste de Paul Cezanne au travers des paysages de la rue Gachet jusqu&rsquo;\u00e0 la fameuse maison du Pendu.<\/p>\n<\/div><\/div>\n<\/div>\n\n\n\n<div class=\"wp-block-column is-vertically-aligned-top is-layout-flow wp-block-column-is-layout-flow\" style=\"flex-basis:33.33%\">\n<figure class=\"wp-block-image size-full is-resized\"><img loading=\"lazy\" decoding=\"async\" width=\"150\" height=\"112\" src=\"https:\/\/domaine-des-aquarelles.com\/wp-content\/uploads\/2026\/04\/chateau_auvers.jpg\" alt=\"\" class=\"wp-image-158\" style=\"aspect-ratio:1.3393092028841644;width:188px;height:auto\"\/><\/figure>\n\n\n\n<p>Une journ\u00e9e chez les Impressionnistes au Ch\u00e2teau d&rsquo;Auvers sur Oise \u00e0 15 minutes du Domaine des Aquarelles et \u00e0 30 min de paris : parcours sc\u00e9nographique, exposition the Van Gogh Experience, &#8230;<\/p>\n<\/div>\n<\/div>\n\n\n\n<div class=\"wp-block-columns is-layout-flex wp-container-core-columns-is-layout-28f84493 wp-block-columns-is-layout-flex\">\n<div class=\"wp-block-column is-layout-flow wp-block-column-is-layout-flow\">\n<figure class=\"wp-block-image aligncenter size-full is-resized\"><img loading=\"lazy\" decoding=\"async\" width=\"576\" height=\"432\" src=\"https:\/\/domaine-des-aquarelles.com\/wp-content\/uploads\/2026\/04\/randoauvers1.jpg\" alt=\"\" class=\"wp-image-160\" style=\"aspect-ratio:1.3333332923150831;width:275px;height:auto\" srcset=\"https:\/\/domaine-des-aquarelles.com\/wp-content\/uploads\/2026\/04\/randoauvers1.jpg 576w, https:\/\/domaine-des-aquarelles.com\/wp-content\/uploads\/2026\/04\/randoauvers1-300x225.jpg 300w\" sizes=\"auto, (max-width: 576px) 100vw, 576px\" \/><\/figure>\n\n\n\n<h4 class=\"wp-block-heading\"><strong><mark style=\"background-color:rgba(0, 0, 0, 0);color:#fcb900\" class=\"has-inline-color\">Randonn\u00e9e &#8230;<\/mark><\/strong><\/h4>\n\n\n\n<p>Parcours \u00e0 pied du \u00ab\u00a0Domaine des Aquarelles \u00a0\u00bb&nbsp; jusqu&rsquo;\u00e0 Auvers sur Oise en 14 Km au travers de la for\u00eat de Montmorency.<br><a href=\"https:\/\/domaine-des-aquarelles.com\/wa_files\/randoauvers.pdf\"><strong><mark style=\"background-color:rgba(0, 0, 0, 0);color:#0693e3\" class=\"has-inline-color\">T\u00e9l\u00e9charger le parcours ici<\/mark><\/strong><\/a><\/p>\n<\/div>\n\n\n\n<div class=\"wp-block-column is-layout-flow wp-block-column-is-layout-flow\">\n<figure class=\"wp-block-image alignleft size-full is-resized\"><img loading=\"lazy\" decoding=\"async\" width=\"180\" height=\"121\" src=\"https:\/\/domaine-des-aquarelles.com\/wp-content\/uploads\/2026\/04\/thermes.jpg\" alt=\"\" class=\"wp-image-161\" style=\"aspect-ratio:1.4875908190808331;width:306px;height:auto\"\/><\/figure>\n\n\n\n<h4 class=\"wp-block-heading\"><strong><mark style=\"background-color:rgba(0, 0, 0, 0);color:#fcb900\" class=\"has-inline-color\">Thalasso \u00e0 Enghien<\/mark><\/strong><\/h4>\n\n\n\n<p>Les chambres d&rsquo;h\u00f4tes sont situ\u00e9es \u00e0 15 minutes seulement des Thermes d&rsquo;Enghien-les-Bains. L&rsquo;unique station thermale d&rsquo;Ile-de-France vous accueille dans le cadre de traitements des voies respiratoires \u00e0 base d&rsquo;eau sulfur\u00e9e.<\/p>\n<\/div>\n\n\n\n<div class=\"wp-block-column is-layout-flow wp-block-column-is-layout-flow\">\n<figure class=\"wp-block-image size-full is-resized\"><img loading=\"lazy\" decoding=\"async\" width=\"88\" height=\"121\" src=\"https:\/\/domaine-des-aquarelles.com\/wp-content\/uploads\/2026\/04\/tour_eiffel-1.jpg\" alt=\"\" class=\"wp-image-164\" style=\"aspect-ratio:0.7272472562723534;width:145px;height:auto\"\/><\/figure>\n\n\n\n<h4 class=\"wp-block-heading\"><strong><mark style=\"background-color:rgba(0, 0, 0, 0);color:#fcb900\" class=\"has-inline-color\">Paris &#8211; Tour Eiffel<\/mark><\/strong><\/h4>\n\n\n\n<p>Visitez Paris en train (20 minutes) ou en voiture depuis les chambres d&rsquo;h\u00f4tes et d\u00e9couvrez les nombreux monuments, mus\u00e9es, etc&#8230;<br>Tour Eiffel,&nbsp; Arc de Triomphe, Mus\u00e9e du Louvre, le Sacr\u00e9 C\u0153ur, Notre-Dame de Paris, les Champs \u00c9lys\u00e9es, le Panth\u00e9on, etc&#8230;<\/p>\n<\/div>\n<\/div>\n\n\n\n<div class=\"wp-block-media-text is-stacked-on-mobile is-vertically-aligned-top\" style=\"grid-template-columns:31% auto\"><figure class=\"wp-block-media-text__media\"><img loading=\"lazy\" decoding=\"async\" width=\"194\" height=\"121\" src=\"https:\/\/domaine-des-aquarelles.com\/wp-content\/uploads\/2026\/04\/chateau1.jpg\" alt=\"Ch\u00e2teau de la chasse\" class=\"wp-image-162 size-full\"\/><\/figure><div class=\"wp-block-media-text__content\">\n<p>Allez \u00e0 pied ou \u00e0 v\u00e9lo depuis le Domaine des Aquarelles jusqu&rsquo;au ch\u00e2teau de la Chasse &#8230;<\/p>\n\n\n\n<p>Le ch\u00e2teau de la Chasse, au c\u0153ur de la for\u00eat, est un petit ch\u00e2teau f\u00e9odal (il s&rsquo;inscrit dans un carr\u00e9 de 20 m de c\u00f4t\u00e9) \u00e9difi\u00e9 au XIIe si\u00e8cle par Mathieu de Montmorency. Flanqu\u00e9 de quatre tours rondes de 6 m de diam\u00e8tre, curieusement tronqu\u00e9es, il constitue un tableau pittoresque entre ses deux \u00e9tangs souvent embrum\u00e9s.<\/p>\n\n\n\n<p>Eginhard, chroniqueur de Charlemagne, d\u00e9crit d\u00e9j\u00e0 \u00e0 cet emplacement un ch\u00e2teau-fort imprenable et d\u00e9nomm\u00e9 \u00ab Castelllum de Chassia \u00bb (du mot gaulois cassanos, le ch\u00eane).<\/p>\n\n\n\n<p>Propri\u00e9t\u00e9 de la famille des Montmorency, plac\u00e9 au c\u0153ur d&rsquo;un domaine giboyeux, le ch\u00e2teau fut le rendez-vous de chasse de personnages illustres : Louis X le Hutin, Philippe VI de Valois, Jean le Bon, Charles V, Louis XI, Fran\u00e7ois Ier et Henri II. En 1728 le petit fils du Grand Cond\u00e9 fit couper les tours et recouvrir de tuiles. Class\u00e9 monument historique en 1933, devenu propri\u00e9t\u00e9 de l&rsquo;ONF en 1973, le ch\u00e2teau ne se visite pas, mais le rez-de-chauss\u00e9e a \u00e9t\u00e9 am\u00e9nag\u00e9 pour recevoir les groupes scolaires ou organiser des expositions temporaires. Deux sentiers p\u00e9dagogiques sont am\u00e9nag\u00e9s au d\u00e9part du ch\u00e2teau, l\u2019un sur l\u2019\u00e9cologie foresti\u00e8re, l\u2019autre sur les techniques sylvicoles.<\/p>\n<\/div><\/div>\n\n\n\n<p><\/p>\n","protected":false},"excerpt":{"rendered":"<p>Visite du ch\u00e2teau&nbsp; d&rsquo;\u00c9couen (5,4Km) Le mus\u00e9e national de la Renaissance et ses riches collections invitent \u00e0 la d\u00e9couverte d&rsquo;un [&hellip;]<\/p>\n","protected":false},"author":1,"featured_media":0,"parent":0,"menu_order":0,"comment_status":"closed","ping_status":"closed","template":"","meta":{"site-sidebar-layout":"default","site-content-layout":"","ast-site-content-layout":"default","site-content-style":"default","site-sidebar-style":"default","ast-global-header-display":"","ast-banner-title-visibility":"","ast-main-header-display":"","ast-hfb-above-header-display":"","ast-hfb-below-header-display":"","ast-hfb-mobile-header-display":"","site-post-title":"disabled","ast-breadcrumbs-content":"","ast-featured-img":"","footer-sml-layout":"","ast-disable-related-posts":"","theme-transparent-header-meta":"","adv-header-id-meta":"","stick-header-meta":"","header-above-stick-meta":"","header-main-stick-meta":"","header-below-stick-meta":"","astra-migrate-meta-layouts":"default","ast-page-background-enabled":"default","ast-page-background-meta":{"desktop":{"background-color":"var(--ast-global-color-5)","background-image":"","background-repeat":"repeat","background-position":"center center","background-size":"auto","background-attachment":"scroll","background-type":"","background-media":"","overlay-type":"","overlay-color":"","overlay-opacity":"","overlay-gradient":""},"tablet":{"background-color":"","background-image":"","background-repeat":"repeat","background-position":"center center","background-size":"auto","background-attachment":"scroll","background-type":"","background-media":"","overlay-type":"","overlay-color":"","overlay-opacity":"","overlay-gradient":""},"mobile":{"background-color":"","background-image":"","background-repeat":"repeat","background-position":"center center","background-size":"auto","background-attachment":"scroll","background-type":"","background-media":"","overlay-type":"","overlay-color":"","overlay-opacity":"","overlay-gradient":""}},"ast-content-background-meta":{"desktop":{"background-color":"var(--ast-global-color-4)","background-image":"","background-repeat":"repeat","background-position":"center center","background-size":"auto","background-attachment":"scroll","background-type":"","background-media":"","overlay-type":"","overlay-color":"","overlay-opacity":"","overlay-gradient":""},"tablet":{"background-color":"var(--ast-global-color-4)","background-image":"","background-repeat":"repeat","background-position":"center center","background-size":"auto","background-attachment":"scroll","background-type":"","background-media":"","overlay-type":"","overlay-color":"","overlay-opacity":"","overlay-gradient":""},"mobile":{"background-color":"var(--ast-global-color-4)","background-image":"","background-repeat":"repeat","background-position":"center center","background-size":"auto","background-attachment":"scroll","background-type":"","background-media":"","overlay-type":"","overlay-color":"","overlay-opacity":"","overlay-gradient":""}},"footnotes":""},"class_list":["post-66","page","type-page","status-publish","hentry"],"yoast_head":"<!-- This site is optimized with the Yoast SEO plugin v27.3 - https:\/\/yoast.com\/product\/yoast-seo-wordpress\/ -->\n<title>activites - Domaine des Aquarelles - Chambres d&#039;h\u00f4tes<\/title>\n<meta name=\"robots\" content=\"index, follow, max-snippet:-1, max-image-preview:large, max-video-preview:-1\" \/>\n<link rel=\"canonical\" href=\"https:\/\/domaine-des-aquarelles.com\/?page_id=66\" \/>\n<meta property=\"og:locale\" content=\"fr_FR\" \/>\n<meta property=\"og:type\" content=\"article\" \/>\n<meta property=\"og:title\" content=\"activites - Domaine des Aquarelles - Chambres d&#039;h\u00f4tes\" \/>\n<meta property=\"og:description\" content=\"Visite du ch\u00e2teau&nbsp; d&rsquo;\u00c9couen (5,4Km) Le mus\u00e9e national de la Renaissance et ses riches collections invitent \u00e0 la d\u00e9couverte d&rsquo;un [&hellip;]\" \/>\n<meta property=\"og:url\" content=\"https:\/\/domaine-des-aquarelles.com\/?page_id=66\" \/>\n<meta property=\"og:site_name\" content=\"Domaine des Aquarelles - Chambres d&#039;h\u00f4tes\" \/>\n<meta property=\"article:publisher\" content=\"https:\/\/www.facebook.com\/people\/domaine-des-aquarelles\/100068159942014\/#\" \/>\n<meta property=\"article:modified_time\" content=\"2026-04-03T19:15:04+00:00\" \/>\n<meta property=\"og:image\" content=\"https:\/\/domaine-des-aquarelles.com\/wp-content\/uploads\/2026\/03\/sl_royaumont2.jpg\" \/>\n\t<meta property=\"og:image:width\" content=\"290\" \/>\n\t<meta property=\"og:image:height\" content=\"213\" \/>\n\t<meta property=\"og:image:type\" content=\"image\/jpeg\" \/>\n<meta name=\"twitter:card\" content=\"summary_large_image\" \/>\n<meta name=\"twitter:label1\" content=\"Dur\u00e9e de lecture estim\u00e9e\" \/>\n\t<meta name=\"twitter:data1\" content=\"5 minutes\" \/>\n<script type=\"application\/ld+json\" class=\"yoast-schema-graph\">{\"@context\":\"https:\\\/\\\/schema.org\",\"@graph\":[{\"@type\":\"WebPage\",\"@id\":\"https:\\\/\\\/domaine-des-aquarelles.com\\\/?page_id=66\",\"url\":\"https:\\\/\\\/domaine-des-aquarelles.com\\\/?page_id=66\",\"name\":\"activites - Domaine des Aquarelles - Chambres d&#039;h\u00f4tes\",\"isPartOf\":{\"@id\":\"https:\\\/\\\/domaine-des-aquarelles.com\\\/#website\"},\"primaryImageOfPage\":{\"@id\":\"https:\\\/\\\/domaine-des-aquarelles.com\\\/?page_id=66#primaryimage\"},\"image\":{\"@id\":\"https:\\\/\\\/domaine-des-aquarelles.com\\\/?page_id=66#primaryimage\"},\"thumbnailUrl\":\"https:\\\/\\\/domaine-des-aquarelles.com\\\/wp-content\\\/uploads\\\/2026\\\/03\\\/sl_royaumont2.jpg\",\"datePublished\":\"2026-03-26T13:14:00+00:00\",\"dateModified\":\"2026-04-03T19:15:04+00:00\",\"breadcrumb\":{\"@id\":\"https:\\\/\\\/domaine-des-aquarelles.com\\\/?page_id=66#breadcrumb\"},\"inLanguage\":\"fr-FR\",\"potentialAction\":[{\"@type\":\"ReadAction\",\"target\":[\"https:\\\/\\\/domaine-des-aquarelles.com\\\/?page_id=66\"]}]},{\"@type\":\"ImageObject\",\"inLanguage\":\"fr-FR\",\"@id\":\"https:\\\/\\\/domaine-des-aquarelles.com\\\/?page_id=66#primaryimage\",\"url\":\"https:\\\/\\\/domaine-des-aquarelles.com\\\/wp-content\\\/uploads\\\/2026\\\/03\\\/sl_royaumont2.jpg\",\"contentUrl\":\"https:\\\/\\\/domaine-des-aquarelles.com\\\/wp-content\\\/uploads\\\/2026\\\/03\\\/sl_royaumont2.jpg\",\"width\":290,\"height\":213,\"caption\":\"Visite de l'Abbaye de Royaumont \u00e0 seulement 18,4Km des chambres d'h\u00f4tes domaine-des-aquarelles\"},{\"@type\":\"BreadcrumbList\",\"@id\":\"https:\\\/\\\/domaine-des-aquarelles.com\\\/?page_id=66#breadcrumb\",\"itemListElement\":[{\"@type\":\"ListItem\",\"position\":1,\"name\":\"Accueil\",\"item\":\"https:\\\/\\\/domaine-des-aquarelles.com\\\/\"},{\"@type\":\"ListItem\",\"position\":2,\"name\":\"activites\"}]},{\"@type\":\"WebSite\",\"@id\":\"https:\\\/\\\/domaine-des-aquarelles.com\\\/#website\",\"url\":\"https:\\\/\\\/domaine-des-aquarelles.com\\\/\",\"name\":\"Domaine des Aquarelles - Chambres d&#039;h\u00f4tes\",\"description\":\"\u201cChambres d\u2019h\u00f4tes \u00e0 Domont r\u00e9gion Ile de France\u201d\",\"publisher\":{\"@id\":\"https:\\\/\\\/domaine-des-aquarelles.com\\\/#organization\"},\"alternateName\":\"Chambres d hotes domaine des aquarelles\",\"potentialAction\":[{\"@type\":\"SearchAction\",\"target\":{\"@type\":\"EntryPoint\",\"urlTemplate\":\"https:\\\/\\\/domaine-des-aquarelles.com\\\/?s={search_term_string}\"},\"query-input\":{\"@type\":\"PropertyValueSpecification\",\"valueRequired\":true,\"valueName\":\"search_term_string\"}}],\"inLanguage\":\"fr-FR\"},{\"@type\":\"Organization\",\"@id\":\"https:\\\/\\\/domaine-des-aquarelles.com\\\/#organization\",\"name\":\"Domaine des Aquarelles\",\"alternateName\":\"Chambres hotes\",\"url\":\"https:\\\/\\\/domaine-des-aquarelles.com\\\/\",\"logo\":{\"@type\":\"ImageObject\",\"inLanguage\":\"fr-FR\",\"@id\":\"https:\\\/\\\/domaine-des-aquarelles.com\\\/#\\\/schema\\\/logo\\\/image\\\/\",\"url\":\"https:\\\/\\\/domaine-des-aquarelles.com\\\/wp-content\\\/uploads\\\/2026\\\/04\\\/cropped-logo.png\",\"contentUrl\":\"https:\\\/\\\/domaine-des-aquarelles.com\\\/wp-content\\\/uploads\\\/2026\\\/04\\\/cropped-logo.png\",\"width\":512,\"height\":512,\"caption\":\"Domaine des Aquarelles\"},\"image\":{\"@id\":\"https:\\\/\\\/domaine-des-aquarelles.com\\\/#\\\/schema\\\/logo\\\/image\\\/\"},\"sameAs\":[\"https:\\\/\\\/www.facebook.com\\\/people\\\/domaine-des-aquarelles\\\/100068159942014\\\/#\"]}]}<\/script>\n<!-- \/ Yoast SEO plugin. -->","yoast_head_json":{"title":"activites - Domaine des Aquarelles - Chambres d&#039;h\u00f4tes","robots":{"index":"index","follow":"follow","max-snippet":"max-snippet:-1","max-image-preview":"max-image-preview:large","max-video-preview":"max-video-preview:-1"},"canonical":"https:\/\/domaine-des-aquarelles.com\/?page_id=66","og_locale":"fr_FR","og_type":"article","og_title":"activites - Domaine des Aquarelles - Chambres d&#039;h\u00f4tes","og_description":"Visite du ch\u00e2teau&nbsp; d&rsquo;\u00c9couen (5,4Km) Le mus\u00e9e national de la Renaissance et ses riches collections invitent \u00e0 la d\u00e9couverte d&rsquo;un [&hellip;]","og_url":"https:\/\/domaine-des-aquarelles.com\/?page_id=66","og_site_name":"Domaine des Aquarelles - Chambres d&#039;h\u00f4tes","article_publisher":"https:\/\/www.facebook.com\/people\/domaine-des-aquarelles\/100068159942014\/#","article_modified_time":"2026-04-03T19:15:04+00:00","og_image":[{"width":290,"height":213,"url":"https:\/\/domaine-des-aquarelles.com\/wp-content\/uploads\/2026\/03\/sl_royaumont2.jpg","type":"image\/jpeg"}],"twitter_card":"summary_large_image","twitter_misc":{"Dur\u00e9e de lecture estim\u00e9e":"5 minutes"},"schema":{"@context":"https:\/\/schema.org","@graph":[{"@type":"WebPage","@id":"https:\/\/domaine-des-aquarelles.com\/?page_id=66","url":"https:\/\/domaine-des-aquarelles.com\/?page_id=66","name":"activites - Domaine des Aquarelles - Chambres d&#039;h\u00f4tes","isPartOf":{"@id":"https:\/\/domaine-des-aquarelles.com\/#website"},"primaryImageOfPage":{"@id":"https:\/\/domaine-des-aquarelles.com\/?page_id=66#primaryimage"},"image":{"@id":"https:\/\/domaine-des-aquarelles.com\/?page_id=66#primaryimage"},"thumbnailUrl":"https:\/\/domaine-des-aquarelles.com\/wp-content\/uploads\/2026\/03\/sl_royaumont2.jpg","datePublished":"2026-03-26T13:14:00+00:00","dateModified":"2026-04-03T19:15:04+00:00","breadcrumb":{"@id":"https:\/\/domaine-des-aquarelles.com\/?page_id=66#breadcrumb"},"inLanguage":"fr-FR","potentialAction":[{"@type":"ReadAction","target":["https:\/\/domaine-des-aquarelles.com\/?page_id=66"]}]},{"@type":"ImageObject","inLanguage":"fr-FR","@id":"https:\/\/domaine-des-aquarelles.com\/?page_id=66#primaryimage","url":"https:\/\/domaine-des-aquarelles.com\/wp-content\/uploads\/2026\/03\/sl_royaumont2.jpg","contentUrl":"https:\/\/domaine-des-aquarelles.com\/wp-content\/uploads\/2026\/03\/sl_royaumont2.jpg","width":290,"height":213,"caption":"Visite de l'Abbaye de Royaumont \u00e0 seulement 18,4Km des chambres d'h\u00f4tes domaine-des-aquarelles"},{"@type":"BreadcrumbList","@id":"https:\/\/domaine-des-aquarelles.com\/?page_id=66#breadcrumb","itemListElement":[{"@type":"ListItem","position":1,"name":"Accueil","item":"https:\/\/domaine-des-aquarelles.com\/"},{"@type":"ListItem","position":2,"name":"activites"}]},{"@type":"WebSite","@id":"https:\/\/domaine-des-aquarelles.com\/#website","url":"https:\/\/domaine-des-aquarelles.com\/","name":"Domaine des Aquarelles - Chambres d&#039;h\u00f4tes","description":"\u201cChambres d\u2019h\u00f4tes \u00e0 Domont r\u00e9gion Ile de France\u201d","publisher":{"@id":"https:\/\/domaine-des-aquarelles.com\/#organization"},"alternateName":"Chambres d hotes domaine des aquarelles","potentialAction":[{"@type":"SearchAction","target":{"@type":"EntryPoint","urlTemplate":"https:\/\/domaine-des-aquarelles.com\/?s={search_term_string}"},"query-input":{"@type":"PropertyValueSpecification","valueRequired":true,"valueName":"search_term_string"}}],"inLanguage":"fr-FR"},{"@type":"Organization","@id":"https:\/\/domaine-des-aquarelles.com\/#organization","name":"Domaine des Aquarelles","alternateName":"Chambres hotes","url":"https:\/\/domaine-des-aquarelles.com\/","logo":{"@type":"ImageObject","inLanguage":"fr-FR","@id":"https:\/\/domaine-des-aquarelles.com\/#\/schema\/logo\/image\/","url":"https:\/\/domaine-des-aquarelles.com\/wp-content\/uploads\/2026\/04\/cropped-logo.png","contentUrl":"https:\/\/domaine-des-aquarelles.com\/wp-content\/uploads\/2026\/04\/cropped-logo.png","width":512,"height":512,"caption":"Domaine des Aquarelles"},"image":{"@id":"https:\/\/domaine-des-aquarelles.com\/#\/schema\/logo\/image\/"},"sameAs":["https:\/\/www.facebook.com\/people\/domaine-des-aquarelles\/100068159942014\/#"]}]}},"_links":{"self":[{"href":"https:\/\/domaine-des-aquarelles.com\/index.php?rest_route=\/wp\/v2\/pages\/66","targetHints":{"allow":["GET"]}}],"collection":[{"href":"https:\/\/domaine-des-aquarelles.com\/index.php?rest_route=\/wp\/v2\/pages"}],"about":[{"href":"https:\/\/domaine-des-aquarelles.com\/index.php?rest_route=\/wp\/v2\/types\/page"}],"author":[{"embeddable":true,"href":"https:\/\/domaine-des-aquarelles.com\/index.php?rest_route=\/wp\/v2\/users\/1"}],"replies":[{"embeddable":true,"href":"https:\/\/domaine-des-aquarelles.com\/index.php?rest_route=%2Fwp%2Fv2%2Fcomments&post=66"}],"version-history":[{"count":6,"href":"https:\/\/domaine-des-aquarelles.com\/index.php?rest_route=\/wp\/v2\/pages\/66\/revisions"}],"predecessor-version":[{"id":205,"href":"https:\/\/domaine-des-aquarelles.com\/index.php?rest_route=\/wp\/v2\/pages\/66\/revisions\/205"}],"wp:attachment":[{"href":"https:\/\/domaine-des-aquarelles.com\/index.php?rest_route=%2Fwp%2Fv2%2Fmedia&parent=66"}],"curies":[{"name":"wp","href":"https:\/\/api.w.org\/{rel}","templated":true}]}}