{"id":68,"date":"2026-03-26T14:14:35","date_gmt":"2026-03-26T13:14:35","guid":{"rendered":"https:\/\/domaine-des-aquarelles.com\/wp\/?page_id=68"},"modified":"2026-04-03T15:34:49","modified_gmt":"2026-04-03T14:34:49","slug":"gastronomie","status":"publish","type":"page","link":"https:\/\/domaine-des-aquarelles.com\/?page_id=68","title":{"rendered":"gastronomie"},"content":{"rendered":"\n<div class=\"wp-block-cover is-light\"><img loading=\"lazy\" decoding=\"async\" width=\"576\" height=\"432\" class=\"wp-block-cover__image-background wp-image-160 size-full\" alt=\"\" src=\"https:\/\/domaine-des-aquarelles.com\/wp\/wp-content\/uploads\/2026\/04\/randoauvers1.jpg\" data-object-fit=\"cover\" srcset=\"https:\/\/domaine-des-aquarelles.com\/wp-content\/uploads\/2026\/04\/randoauvers1.jpg 576w, https:\/\/domaine-des-aquarelles.com\/wp-content\/uploads\/2026\/04\/randoauvers1-300x225.jpg 300w\" sizes=\"auto, (max-width: 576px) 100vw, 576px\" \/><span aria-hidden=\"true\" class=\"wp-block-cover__background has-background-dim\" style=\"background-color:#738791\"><\/span><div class=\"wp-block-cover__inner-container is-layout-constrained wp-block-cover-is-layout-constrained\">\n<h2 class=\"wp-block-heading has-text-align-center has-large-font-size\"><em><mark style=\"background-color:rgba(0, 0, 0, 0);color:#ffffff\" class=\"has-inline-color\">Partageons quelques adresses de restaurants autour des chambres d&rsquo;h\u00f4tes du domaine des aquarelles \u00e0 Domont<\/mark><\/em> <\/h2>\n<\/div><\/div>\n\n\n\n<p>Nous vous sugg\u00e9rons quelques adresses parmi les nombreuses possibilit\u00e9s qui s&rsquo;offrent \u00e0 vous. L&rsquo;ensemble des restaurants que nous vous conseillons sont des lieux que nous connaissons et appr\u00e9cions. C&rsquo;est aussi une affaire de gouts mais soyez s\u00fbr de trouver aux alentours de tr\u00e8s bonnes tables.<\/p>\n\n\n\n<h4 class=\"wp-block-heading\"><strong>A pied \u00e0 proximit\u00e9 des <mark style=\"background-color:rgba(0, 0, 0, 0);color:#fcb900\" class=\"has-inline-color\">Chambres d&rsquo;h\u00f4tes (100m)<\/mark><\/strong><\/h4>\n\n\n\n<div class=\"wp-block-media-text is-stacked-on-mobile\" style=\"grid-template-columns:15% auto\"><figure class=\"wp-block-media-text__media\"><img loading=\"lazy\" decoding=\"async\" width=\"140\" height=\"105\" src=\"https:\/\/domaine-des-aquarelles.com\/wp-content\/uploads\/2026\/04\/domont-il-sole-43753.jpg\" alt=\"\" class=\"wp-image-168 size-full\"\/><\/figure><div class=\"wp-block-media-text__content\">\n<p><strong>Il SOLE: Restaurant italien<\/strong>, pas de pizza, uniquement une excellente cuisine italienne traditionnelle accompagn\u00e9e de bons vins. R\u00e9servation presque obligatoire le week-end en raison du succ\u00e8s. Une terrasse abrit\u00e9e \u00e0 l&rsquo;arri\u00e8re. <br>01 39 91 87 28 &#8211; Co\u00fbt par personne compter 25 \u00e0 40 \u20ac<\/p>\n\n\n\n<p><\/p>\n<\/div><\/div>\n\n\n\n<div class=\"wp-block-media-text is-stacked-on-mobile\" style=\"grid-template-columns:15% auto\"><figure class=\"wp-block-media-text__media\"><img loading=\"lazy\" decoding=\"async\" width=\"943\" height=\"501\" src=\"https:\/\/domaine-des-aquarelles.com\/wp-content\/uploads\/2026\/04\/O_KaKo-1.jpg\" alt=\"\" class=\"wp-image-170 size-full\" srcset=\"https:\/\/domaine-des-aquarelles.com\/wp-content\/uploads\/2026\/04\/O_KaKo-1.jpg 943w, https:\/\/domaine-des-aquarelles.com\/wp-content\/uploads\/2026\/04\/O_KaKo-1-300x159.jpg 300w, https:\/\/domaine-des-aquarelles.com\/wp-content\/uploads\/2026\/04\/O_KaKo-1-768x408.jpg 768w\" sizes=\"auto, (max-width: 943px) 100vw, 943px\" \/><\/figure><div class=\"wp-block-media-text__content\">\n<p><strong>O&rsquo;kako Bar, <\/strong>bistrot franco\u2011portugais chaleureux, plats maison g\u00e9n\u00e9reux et service attentif. Id\u00e9al pour un repas convivial \u00e0 petit prix.<br><a href=\"https:\/\/www.google.com\/maps\/place\/data=!4m2!3m1!1s0x47e642851e040de5:0xfc1d2fbf982d0a61?sa=X&amp;ved=1t:8290&amp;ictx=111\">14 Rue de la Mairie, 95330 Domont<\/a> &#8211; 01 34 29 14 97 &#8211; Co\u00fbt par personne compter 15 \u00e0 25 \u20ac<\/p>\n<\/div><\/div>\n\n\n\n<div class=\"wp-block-media-text is-stacked-on-mobile\" style=\"grid-template-columns:15% auto\"><figure class=\"wp-block-media-text__media\"><img loading=\"lazy\" decoding=\"async\" width=\"194\" height=\"259\" src=\"https:\/\/domaine-des-aquarelles.com\/wp-content\/uploads\/2026\/04\/DonPepponne.jpg\" alt=\"\" class=\"wp-image-172 size-full\"\/><\/figure><div class=\"wp-block-media-text__content\">\n<p><strong>Don Peppone : Un Coin de Sicile : <\/strong>une pizzeria \/ trattoria rue de la r\u00e9publique dans Domont<br>Depuis plus de 20 ans, Mario, <strong>v\u00e9ritable Sicilien, a le plaisir de vous accueillir.<\/strong><br>Arriv\u00e9 en France en 1986 accompagn\u00e9 de son fr\u00e8re de c\u0153ur Arturo, ils cr\u00e9ent ensemble cet \u00e9tablissement quelques ann\u00e9es plus tard. Ils y ont apport\u00e9 un peu du soleil de leur village perch\u00e9 au dessus de la mer et surtout les couleurs et les parfums de cette belle \u00eele qu&rsquo;est la Sicile.<br>Il y a plus d&rsquo;une dizaine d&rsquo;ann\u00e9es, alors qu&rsquo;Arturo s&rsquo;en va vers de nouvelles aventures culinaires, Laurence rejoint Mario pour former le tandem que vous connaissez aujourd&rsquo;hui.<br><strong>Certes, l&rsquo;\u00e9tablissement est bruyant mais il est \u00e0 l&rsquo;image des trattoria : gourmand, chaleureux et convivial.<\/strong><br>Mario, Laurence et toute l&rsquo;\u00e9quipe de Don Peppone sont heureux de vous recevoir et de vous faire partager un petit coin d&rsquo;Italie.<\/p>\n<\/div><\/div>\n\n\n\n<h4 class=\"wp-block-heading\"><strong>En voiture \u00e0 proximit\u00e9 des <mark style=\"background-color:rgba(0, 0, 0, 0);color:#fcb900\" class=\"has-inline-color\">Chambres d&rsquo;h\u00f4tes (3.2 Km)<\/mark><\/strong><\/h4>\n\n\n\n<div class=\"wp-block-media-text is-stacked-on-mobile\" style=\"grid-template-columns:16% auto\"><figure class=\"wp-block-media-text__media\"><img loading=\"lazy\" decoding=\"async\" width=\"140\" height=\"105\" src=\"https:\/\/domaine-des-aquarelles.com\/wp-content\/uploads\/2026\/04\/ferme_bouffemont.jpg\" alt=\"\" class=\"wp-image-175 size-full\"\/><\/figure><div class=\"wp-block-media-text__content\">\n<p><strong>La Ferme de Bouff\u00e9mont: Restaurant cuisine fran\u00e7aise<\/strong>,un lieu a d\u00e9couvrir dans ce petit village du Val d&rsquo;Oise.<br>D\u00e9couvrez une carte gastronomique.Des plats fins et gourmets de l&rsquo;entr\u00e9e au dessert.\u00a0\u00a0 16, rue de la R\u00e9publique, 95570 Bouff\u00e9mont<br><a href=\"https:\/\/www.google.com\/search?client=firefox-b-d&amp;q=la+ferme+de+bouff%C3%A9mont#\">01 71 87 86 70<\/a> &#8211; Co\u00fbt par personne compter 25 \u00e0 45\u20ac<\/p>\n<\/div><\/div>\n\n\n\n<p><strong>En voiture \u00e0 proximit\u00e9 des <mark style=\"background-color:rgba(0, 0, 0, 0);color:#fcb900\" class=\"has-inline-color\">Chambres d&rsquo;h\u00f4tes (3.7 Km)<\/mark><\/strong><\/p>\n\n\n\n<div class=\"wp-block-media-text is-stacked-on-mobile is-vertically-aligned-center\" style=\"grid-template-columns:17% auto\"><figure class=\"wp-block-media-text__media\"><img loading=\"lazy\" decoding=\"async\" width=\"154\" height=\"92\" src=\"https:\/\/domaine-des-aquarelles.com\/wp-content\/uploads\/2026\/04\/coeur_de_la_foret.jpg\" alt=\"\" class=\"wp-image-176 size-full\"\/><\/figure><div class=\"wp-block-media-text__content\">\n<p><strong>\u00ab\u00a0Au c\u0153ur de la for\u00eat <\/strong>\u00ab\u00a0, \u00e0 quelques minutes de la vie tr\u00e9pidante de la r\u00e9gion parisienne.<br>Saveurs, plaisirs, authenticit\u00e9, convivialit\u00e9, qualit\u00e9, respect des produits&#8230;<br>Un restaurant authentique, proposant des produits frais et fait-maison, \u00e0 Montmorency dans le Val d&rsquo;Oise (95), dans un cadre forestier qui change en fonction des saisons. Avenue du Repos de Diane &#8211; 95160 Montmorency<br>T\u00e9l.: 01 39 64 99 19<\/p>\n<\/div><\/div>\n\n\n\n<p><strong>En voiture \u00e0 proximit\u00e9 des <mark style=\"background-color:rgba(0, 0, 0, 0);color:#fcb900\" class=\"has-inline-color\">Chambres d&rsquo;h\u00f4tes (6 Km)<\/mark><\/strong><\/p>\n\n\n\n<div class=\"wp-block-media-text is-stacked-on-mobile\" style=\"grid-template-columns:17% auto\"><figure class=\"wp-block-media-text__media\"><img loading=\"lazy\" decoding=\"async\" width=\"160\" height=\"160\" src=\"https:\/\/domaine-des-aquarelles.com\/wp-content\/uploads\/2026\/04\/PhotoSalleEnzoPartieRue-300x300_20_281_29.jpg\" alt=\"\" class=\"wp-image-178 size-full\" srcset=\"https:\/\/domaine-des-aquarelles.com\/wp-content\/uploads\/2026\/04\/PhotoSalleEnzoPartieRue-300x300_20_281_29.jpg 160w, https:\/\/domaine-des-aquarelles.com\/wp-content\/uploads\/2026\/04\/PhotoSalleEnzoPartieRue-300x300_20_281_29-150x150.jpg 150w\" sizes=\"auto, (max-width: 160px) 100vw, 160px\" \/><\/figure><div class=\"wp-block-media-text__content\">\n<p><strong>La Trattoria di Montlignon<\/strong><br>Enzo vous accueille tous les jours dans sa Trattoria, o\u00f9 vous pourrez retrouver dans votre assiette toute l\u2019authenticit\u00e9 de l\u2019Italie. Familiale et chaleureuse. La Trattoria vous offre un agr\u00e9able moment pr\u00e8s de sa chemin\u00e9e en hiver dans la salle Enzo, ou dans la salle Lisa \u2013 privatisable jusqu\u2019\u00e0 35 couverts \u2013 ou sur sa belle terrasse aux beaux jours.<br>bis, 49 Rue de Paris, 95680 Montlignon<br>01 34 12 42 31 &#8211; 06 78 22 44 34<br>Co\u00fbt par personne compter 25 \u00e0 50 \u20ac<\/p>\n<\/div><\/div>\n","protected":false},"excerpt":{"rendered":"<p>Nous vous sugg\u00e9rons quelques adresses parmi les nombreuses possibilit\u00e9s qui s&rsquo;offrent \u00e0 vous. L&rsquo;ensemble des restaurants que nous vous conseillons [&hellip;]<\/p>\n","protected":false},"author":1,"featured_media":0,"parent":0,"menu_order":0,"comment_status":"closed","ping_status":"closed","template":"","meta":{"site-sidebar-layout":"default","site-content-layout":"","ast-site-content-layout":"default","site-content-style":"default","site-sidebar-style":"default","ast-global-header-display":"","ast-banner-title-visibility":"","ast-main-header-display":"","ast-hfb-above-header-display":"","ast-hfb-below-header-display":"","ast-hfb-mobile-header-display":"","site-post-title":"disabled","ast-breadcrumbs-content":"","ast-featured-img":"","footer-sml-layout":"","ast-disable-related-posts":"","theme-transparent-header-meta":"","adv-header-id-meta":"","stick-header-meta":"","header-above-stick-meta":"","header-main-stick-meta":"","header-below-stick-meta":"","astra-migrate-meta-layouts":"default","ast-page-background-enabled":"default","ast-page-background-meta":{"desktop":{"background-color":"var(--ast-global-color-5)","background-image":"","background-repeat":"repeat","background-position":"center center","background-size":"auto","background-attachment":"scroll","background-type":"","background-media":"","overlay-type":"","overlay-color":"","overlay-opacity":"","overlay-gradient":""},"tablet":{"background-color":"","background-image":"","background-repeat":"repeat","background-position":"center center","background-size":"auto","background-attachment":"scroll","background-type":"","background-media":"","overlay-type":"","overlay-color":"","overlay-opacity":"","overlay-gradient":""},"mobile":{"background-color":"","background-image":"","background-repeat":"repeat","background-position":"center center","background-size":"auto","background-attachment":"scroll","background-type":"","background-media":"","overlay-type":"","overlay-color":"","overlay-opacity":"","overlay-gradient":""}},"ast-content-background-meta":{"desktop":{"background-color":"var(--ast-global-color-4)","background-image":"","background-repeat":"repeat","background-position":"center center","background-size":"auto","background-attachment":"scroll","background-type":"","background-media":"","overlay-type":"","overlay-color":"","overlay-opacity":"","overlay-gradient":""},"tablet":{"background-color":"var(--ast-global-color-4)","background-image":"","background-repeat":"repeat","background-position":"center center","background-size":"auto","background-attachment":"scroll","background-type":"","background-media":"","overlay-type":"","overlay-color":"","overlay-opacity":"","overlay-gradient":""},"mobile":{"background-color":"var(--ast-global-color-4)","background-image":"","background-repeat":"repeat","background-position":"center center","background-size":"auto","background-attachment":"scroll","background-type":"","background-media":"","overlay-type":"","overlay-color":"","overlay-opacity":"","overlay-gradient":""}},"footnotes":""},"class_list":["post-68","page","type-page","status-publish","hentry"],"yoast_head":"<!-- This site is optimized with the Yoast SEO plugin v27.3 - https:\/\/yoast.com\/product\/yoast-seo-wordpress\/ -->\n<title>gastronomie - Domaine des Aquarelles - Chambres d&#039;h\u00f4tes<\/title>\n<meta name=\"robots\" content=\"index, follow, max-snippet:-1, max-image-preview:large, max-video-preview:-1\" \/>\n<link rel=\"canonical\" href=\"https:\/\/domaine-des-aquarelles.com\/?page_id=68\" \/>\n<meta property=\"og:locale\" content=\"fr_FR\" \/>\n<meta property=\"og:type\" content=\"article\" \/>\n<meta property=\"og:title\" content=\"gastronomie - Domaine des Aquarelles - Chambres d&#039;h\u00f4tes\" \/>\n<meta property=\"og:description\" content=\"Nous vous sugg\u00e9rons quelques adresses parmi les nombreuses possibilit\u00e9s qui s&rsquo;offrent \u00e0 vous. L&rsquo;ensemble des restaurants que nous vous conseillons [&hellip;]\" \/>\n<meta property=\"og:url\" content=\"https:\/\/domaine-des-aquarelles.com\/?page_id=68\" \/>\n<meta property=\"og:site_name\" content=\"Domaine des Aquarelles - Chambres d&#039;h\u00f4tes\" \/>\n<meta property=\"article:publisher\" content=\"https:\/\/www.facebook.com\/people\/domaine-des-aquarelles\/100068159942014\/#\" \/>\n<meta property=\"article:modified_time\" content=\"2026-04-03T14:34:49+00:00\" \/>\n<meta property=\"og:image\" content=\"http:\/\/domaine-des-aquarelles.com\/wp\/wp-content\/uploads\/2026\/04\/randoauvers1.jpg\" \/>\n<meta name=\"twitter:card\" content=\"summary_large_image\" \/>\n<meta name=\"twitter:label1\" content=\"Dur\u00e9e de lecture estim\u00e9e\" \/>\n\t<meta name=\"twitter:data1\" content=\"3 minutes\" \/>\n<script type=\"application\/ld+json\" class=\"yoast-schema-graph\">{\"@context\":\"https:\\\/\\\/schema.org\",\"@graph\":[{\"@type\":\"WebPage\",\"@id\":\"https:\\\/\\\/domaine-des-aquarelles.com\\\/?page_id=68\",\"url\":\"https:\\\/\\\/domaine-des-aquarelles.com\\\/?page_id=68\",\"name\":\"gastronomie - Domaine des Aquarelles - Chambres d&#039;h\u00f4tes\",\"isPartOf\":{\"@id\":\"https:\\\/\\\/domaine-des-aquarelles.com\\\/#website\"},\"primaryImageOfPage\":{\"@id\":\"https:\\\/\\\/domaine-des-aquarelles.com\\\/?page_id=68#primaryimage\"},\"image\":{\"@id\":\"https:\\\/\\\/domaine-des-aquarelles.com\\\/?page_id=68#primaryimage\"},\"thumbnailUrl\":\"http:\\\/\\\/domaine-des-aquarelles.com\\\/wp\\\/wp-content\\\/uploads\\\/2026\\\/04\\\/randoauvers1.jpg\",\"datePublished\":\"2026-03-26T13:14:35+00:00\",\"dateModified\":\"2026-04-03T14:34:49+00:00\",\"breadcrumb\":{\"@id\":\"https:\\\/\\\/domaine-des-aquarelles.com\\\/?page_id=68#breadcrumb\"},\"inLanguage\":\"fr-FR\",\"potentialAction\":[{\"@type\":\"ReadAction\",\"target\":[\"https:\\\/\\\/domaine-des-aquarelles.com\\\/?page_id=68\"]}]},{\"@type\":\"ImageObject\",\"inLanguage\":\"fr-FR\",\"@id\":\"https:\\\/\\\/domaine-des-aquarelles.com\\\/?page_id=68#primaryimage\",\"url\":\"https:\\\/\\\/domaine-des-aquarelles.com\\\/wp-content\\\/uploads\\\/2026\\\/04\\\/randoauvers1.jpg\",\"contentUrl\":\"https:\\\/\\\/domaine-des-aquarelles.com\\\/wp-content\\\/uploads\\\/2026\\\/04\\\/randoauvers1.jpg\",\"width\":576,\"height\":432},{\"@type\":\"BreadcrumbList\",\"@id\":\"https:\\\/\\\/domaine-des-aquarelles.com\\\/?page_id=68#breadcrumb\",\"itemListElement\":[{\"@type\":\"ListItem\",\"position\":1,\"name\":\"Accueil\",\"item\":\"https:\\\/\\\/domaine-des-aquarelles.com\\\/\"},{\"@type\":\"ListItem\",\"position\":2,\"name\":\"gastronomie\"}]},{\"@type\":\"WebSite\",\"@id\":\"https:\\\/\\\/domaine-des-aquarelles.com\\\/#website\",\"url\":\"https:\\\/\\\/domaine-des-aquarelles.com\\\/\",\"name\":\"Domaine des Aquarelles - Chambres d&#039;h\u00f4tes\",\"description\":\"\u201cChambres d\u2019h\u00f4tes \u00e0 Domont r\u00e9gion Ile de France\u201d\",\"publisher\":{\"@id\":\"https:\\\/\\\/domaine-des-aquarelles.com\\\/#organization\"},\"alternateName\":\"Chambres d hotes domaine des aquarelles\",\"potentialAction\":[{\"@type\":\"SearchAction\",\"target\":{\"@type\":\"EntryPoint\",\"urlTemplate\":\"https:\\\/\\\/domaine-des-aquarelles.com\\\/?s={search_term_string}\"},\"query-input\":{\"@type\":\"PropertyValueSpecification\",\"valueRequired\":true,\"valueName\":\"search_term_string\"}}],\"inLanguage\":\"fr-FR\"},{\"@type\":\"Organization\",\"@id\":\"https:\\\/\\\/domaine-des-aquarelles.com\\\/#organization\",\"name\":\"Domaine des Aquarelles\",\"alternateName\":\"Chambres hotes\",\"url\":\"https:\\\/\\\/domaine-des-aquarelles.com\\\/\",\"logo\":{\"@type\":\"ImageObject\",\"inLanguage\":\"fr-FR\",\"@id\":\"https:\\\/\\\/domaine-des-aquarelles.com\\\/#\\\/schema\\\/logo\\\/image\\\/\",\"url\":\"https:\\\/\\\/domaine-des-aquarelles.com\\\/wp-content\\\/uploads\\\/2026\\\/04\\\/cropped-logo.png\",\"contentUrl\":\"https:\\\/\\\/domaine-des-aquarelles.com\\\/wp-content\\\/uploads\\\/2026\\\/04\\\/cropped-logo.png\",\"width\":512,\"height\":512,\"caption\":\"Domaine des Aquarelles\"},\"image\":{\"@id\":\"https:\\\/\\\/domaine-des-aquarelles.com\\\/#\\\/schema\\\/logo\\\/image\\\/\"},\"sameAs\":[\"https:\\\/\\\/www.facebook.com\\\/people\\\/domaine-des-aquarelles\\\/100068159942014\\\/#\"]}]}<\/script>\n<!-- \/ Yoast SEO plugin. -->","yoast_head_json":{"title":"gastronomie - Domaine des Aquarelles - Chambres d&#039;h\u00f4tes","robots":{"index":"index","follow":"follow","max-snippet":"max-snippet:-1","max-image-preview":"max-image-preview:large","max-video-preview":"max-video-preview:-1"},"canonical":"https:\/\/domaine-des-aquarelles.com\/?page_id=68","og_locale":"fr_FR","og_type":"article","og_title":"gastronomie - Domaine des Aquarelles - Chambres d&#039;h\u00f4tes","og_description":"Nous vous sugg\u00e9rons quelques adresses parmi les nombreuses possibilit\u00e9s qui s&rsquo;offrent \u00e0 vous. L&rsquo;ensemble des restaurants que nous vous conseillons [&hellip;]","og_url":"https:\/\/domaine-des-aquarelles.com\/?page_id=68","og_site_name":"Domaine des Aquarelles - Chambres d&#039;h\u00f4tes","article_publisher":"https:\/\/www.facebook.com\/people\/domaine-des-aquarelles\/100068159942014\/#","article_modified_time":"2026-04-03T14:34:49+00:00","og_image":[{"url":"http:\/\/domaine-des-aquarelles.com\/wp\/wp-content\/uploads\/2026\/04\/randoauvers1.jpg","type":"","width":"","height":""}],"twitter_card":"summary_large_image","twitter_misc":{"Dur\u00e9e de lecture estim\u00e9e":"3 minutes"},"schema":{"@context":"https:\/\/schema.org","@graph":[{"@type":"WebPage","@id":"https:\/\/domaine-des-aquarelles.com\/?page_id=68","url":"https:\/\/domaine-des-aquarelles.com\/?page_id=68","name":"gastronomie - Domaine des Aquarelles - Chambres d&#039;h\u00f4tes","isPartOf":{"@id":"https:\/\/domaine-des-aquarelles.com\/#website"},"primaryImageOfPage":{"@id":"https:\/\/domaine-des-aquarelles.com\/?page_id=68#primaryimage"},"image":{"@id":"https:\/\/domaine-des-aquarelles.com\/?page_id=68#primaryimage"},"thumbnailUrl":"http:\/\/domaine-des-aquarelles.com\/wp\/wp-content\/uploads\/2026\/04\/randoauvers1.jpg","datePublished":"2026-03-26T13:14:35+00:00","dateModified":"2026-04-03T14:34:49+00:00","breadcrumb":{"@id":"https:\/\/domaine-des-aquarelles.com\/?page_id=68#breadcrumb"},"inLanguage":"fr-FR","potentialAction":[{"@type":"ReadAction","target":["https:\/\/domaine-des-aquarelles.com\/?page_id=68"]}]},{"@type":"ImageObject","inLanguage":"fr-FR","@id":"https:\/\/domaine-des-aquarelles.com\/?page_id=68#primaryimage","url":"https:\/\/domaine-des-aquarelles.com\/wp-content\/uploads\/2026\/04\/randoauvers1.jpg","contentUrl":"https:\/\/domaine-des-aquarelles.com\/wp-content\/uploads\/2026\/04\/randoauvers1.jpg","width":576,"height":432},{"@type":"BreadcrumbList","@id":"https:\/\/domaine-des-aquarelles.com\/?page_id=68#breadcrumb","itemListElement":[{"@type":"ListItem","position":1,"name":"Accueil","item":"https:\/\/domaine-des-aquarelles.com\/"},{"@type":"ListItem","position":2,"name":"gastronomie"}]},{"@type":"WebSite","@id":"https:\/\/domaine-des-aquarelles.com\/#website","url":"https:\/\/domaine-des-aquarelles.com\/","name":"Domaine des Aquarelles - Chambres d&#039;h\u00f4tes","description":"\u201cChambres d\u2019h\u00f4tes \u00e0 Domont r\u00e9gion Ile de France\u201d","publisher":{"@id":"https:\/\/domaine-des-aquarelles.com\/#organization"},"alternateName":"Chambres d hotes domaine des aquarelles","potentialAction":[{"@type":"SearchAction","target":{"@type":"EntryPoint","urlTemplate":"https:\/\/domaine-des-aquarelles.com\/?s={search_term_string}"},"query-input":{"@type":"PropertyValueSpecification","valueRequired":true,"valueName":"search_term_string"}}],"inLanguage":"fr-FR"},{"@type":"Organization","@id":"https:\/\/domaine-des-aquarelles.com\/#organization","name":"Domaine des Aquarelles","alternateName":"Chambres hotes","url":"https:\/\/domaine-des-aquarelles.com\/","logo":{"@type":"ImageObject","inLanguage":"fr-FR","@id":"https:\/\/domaine-des-aquarelles.com\/#\/schema\/logo\/image\/","url":"https:\/\/domaine-des-aquarelles.com\/wp-content\/uploads\/2026\/04\/cropped-logo.png","contentUrl":"https:\/\/domaine-des-aquarelles.com\/wp-content\/uploads\/2026\/04\/cropped-logo.png","width":512,"height":512,"caption":"Domaine des Aquarelles"},"image":{"@id":"https:\/\/domaine-des-aquarelles.com\/#\/schema\/logo\/image\/"},"sameAs":["https:\/\/www.facebook.com\/people\/domaine-des-aquarelles\/100068159942014\/#"]}]}},"_links":{"self":[{"href":"https:\/\/domaine-des-aquarelles.com\/index.php?rest_route=\/wp\/v2\/pages\/68","targetHints":{"allow":["GET"]}}],"collection":[{"href":"https:\/\/domaine-des-aquarelles.com\/index.php?rest_route=\/wp\/v2\/pages"}],"about":[{"href":"https:\/\/domaine-des-aquarelles.com\/index.php?rest_route=\/wp\/v2\/types\/page"}],"author":[{"embeddable":true,"href":"https:\/\/domaine-des-aquarelles.com\/index.php?rest_route=\/wp\/v2\/users\/1"}],"replies":[{"embeddable":true,"href":"https:\/\/domaine-des-aquarelles.com\/index.php?rest_route=%2Fwp%2Fv2%2Fcomments&post=68"}],"version-history":[{"count":8,"href":"https:\/\/domaine-des-aquarelles.com\/index.php?rest_route=\/wp\/v2\/pages\/68\/revisions"}],"predecessor-version":[{"id":179,"href":"https:\/\/domaine-des-aquarelles.com\/index.php?rest_route=\/wp\/v2\/pages\/68\/revisions\/179"}],"wp:attachment":[{"href":"https:\/\/domaine-des-aquarelles.com\/index.php?rest_route=%2Fwp%2Fv2%2Fmedia&parent=68"}],"curies":[{"name":"wp","href":"https:\/\/api.w.org\/{rel}","templated":true}]}}