{"id":70,"date":"2026-03-26T14:15:06","date_gmt":"2026-03-26T13:15:06","guid":{"rendered":"https:\/\/domaine-des-aquarelles.com\/wp\/?page_id=70"},"modified":"2026-04-03T16:48:54","modified_gmt":"2026-04-03T15:48:54","slug":"contact","status":"publish","type":"page","link":"https:\/\/domaine-des-aquarelles.com\/?page_id=70","title":{"rendered":"contact"},"content":{"rendered":"\n<h2 class=\"wp-block-heading\"><strong>Nous\u00a0<mark style=\"background-color:rgba(0, 0, 0, 0);color:#fcb900\" class=\"has-inline-color\">contacter<\/mark><\/strong><\/h2>\n\n\n\n<div class=\"wp-block-contact-form-7-contact-form-selector\">\n<div class=\"wpcf7 no-js\" id=\"wpcf7-f181-o1\" lang=\"fr-FR\" dir=\"ltr\" data-wpcf7-id=\"181\">\n<div class=\"screen-reader-response\"><p role=\"status\" aria-live=\"polite\" aria-atomic=\"true\"><\/p> <ul><\/ul><\/div>\n<form action=\"\/index.php?rest_route=%2Fwp%2Fv2%2Fpages%2F70#wpcf7-f181-o1\" method=\"post\" class=\"wpcf7-form init\" aria-label=\"Formulaire de contact\" novalidate=\"novalidate\" data-status=\"init\">\n<fieldset class=\"hidden-fields-container\"><input type=\"hidden\" name=\"_wpcf7\" value=\"181\" \/><input type=\"hidden\" name=\"_wpcf7_version\" value=\"6.1.5\" \/><input type=\"hidden\" name=\"_wpcf7_locale\" value=\"fr_FR\" \/><input type=\"hidden\" name=\"_wpcf7_unit_tag\" value=\"wpcf7-f181-o1\" \/><input type=\"hidden\" name=\"_wpcf7_container_post\" value=\"0\" \/><input type=\"hidden\" name=\"_wpcf7_posted_data_hash\" value=\"\" \/>\n<\/fieldset>\n<p><label> Votre nom<br \/>\n<span class=\"wpcf7-form-control-wrap\" data-name=\"your-name\"><input size=\"40\" maxlength=\"400\" class=\"wpcf7-form-control wpcf7-text wpcf7-validates-as-required\" autocomplete=\"name\" aria-required=\"true\" aria-invalid=\"false\" value=\"\" type=\"text\" name=\"your-name\" \/><\/span> <\/label>\n<\/p>\n<p><label> Votre e-mail<br \/>\n<span class=\"wpcf7-form-control-wrap\" data-name=\"your-email\"><input size=\"40\" maxlength=\"400\" class=\"wpcf7-form-control wpcf7-email wpcf7-validates-as-required wpcf7-text wpcf7-validates-as-email\" autocomplete=\"email\" aria-required=\"true\" aria-invalid=\"false\" value=\"\" type=\"email\" name=\"your-email\" \/><\/span> <\/label>\n<\/p>\n<p><label> Votre num\u00e9ro de t\u00e9l\u00e9phone<br \/>\n<span class=\"wpcf7-form-control-wrap\" data-name=\"tel-188\"><input size=\"40\" maxlength=\"14\" minlength=\"10\" class=\"wpcf7-form-control wpcf7-tel wpcf7-validates-as-required wpcf7-text wpcf7-validates-as-tel\" aria-required=\"true\" aria-invalid=\"false\" value=\"\" type=\"tel\" name=\"tel-188\" \/><\/span> <\/label>\n<\/p>\n<p><label> Objet de votre demande<br \/>\n<span class=\"wpcf7-form-control-wrap\" data-name=\"your-subject\"><input size=\"40\" maxlength=\"400\" class=\"wpcf7-form-control wpcf7-text wpcf7-validates-as-required\" aria-required=\"true\" aria-invalid=\"false\" value=\"\" type=\"text\" name=\"your-subject\" \/><\/span> <\/label>\n<\/p>\n<p><label> Votre message (facultatif)<br \/>\n<span class=\"wpcf7-form-control-wrap\" data-name=\"your-message\"><textarea cols=\"40\" rows=\"10\" maxlength=\"2000\" class=\"wpcf7-form-control wpcf7-textarea\" aria-invalid=\"false\" name=\"your-message\"><\/textarea><\/span> <\/label>\n<\/p>\n<p><input class=\"wpcf7-form-control wpcf7-submit has-spinner\" type=\"submit\" value=\"Envoyer\" \/>\n<\/p><div class=\"wpcf7-response-output\" aria-hidden=\"true\"><\/div>\n<\/form>\n<\/div>\n<\/div>\n\n\n\n<h2 class=\"wp-block-heading\"><strong>Notre\u00a0<mark style=\"background-color:rgba(0, 0, 0, 0);color:#fcb900\" class=\"has-inline-color\">adresse<\/mark><\/strong><\/h2>\n\n\n\n<div class=\"wp-block-columns is-layout-flex wp-container-core-columns-is-layout-28f84493 wp-block-columns-is-layout-flex\">\n<div class=\"wp-block-column is-layout-flow wp-block-column-is-layout-flow\">\n<h2 class=\"wp-block-heading\"><strong>Domaine des Aquarelles<\/strong><\/h2>\n\n\n\n<p>4 b rue Gambetta<br><strong>95 330 DOMONT<\/strong><br><strong>France<\/strong><\/p>\n\n\n\n<h2 class=\"wp-block-heading\"><strong>Plan<mark style=\"background-color:rgba(0, 0, 0, 0);color:#fcb900\" class=\"has-inline-color\">\u00a0d&rsquo;acc\u00e8s<\/mark><\/strong><\/h2>\n\n\n\n<figure data-wp-context=\"{&quot;imageId&quot;:&quot;69d4a07b961f3&quot;}\" data-wp-interactive=\"core\/image\" data-wp-key=\"69d4a07b961f3\" class=\"wp-block-image size-full is-resized wp-lightbox-container\"><img loading=\"lazy\" decoding=\"async\" width=\"300\" height=\"198\" data-wp-class--hide=\"state.isContentHidden\" data-wp-class--show=\"state.isContentVisible\" data-wp-init=\"callbacks.setButtonStyles\" data-wp-on--click=\"actions.showLightbox\" data-wp-on--load=\"callbacks.setButtonStyles\" data-wp-on-window--resize=\"callbacks.setButtonStyles\" src=\"https:\/\/domaine-des-aquarelles.com\/wp-content\/uploads\/2026\/04\/domont.jpg\" alt=\"\" class=\"wp-image-191\" style=\"aspect-ratio:1.5151977256550417;width:331px;height:auto\"\/><button\n\t\t\tclass=\"lightbox-trigger\"\n\t\t\ttype=\"button\"\n\t\t\taria-haspopup=\"dialog\"\n\t\t\taria-label=\"Agrandir\"\n\t\t\tdata-wp-init=\"callbacks.initTriggerButton\"\n\t\t\tdata-wp-on--click=\"actions.showLightbox\"\n\t\t\tdata-wp-style--right=\"state.imageButtonRight\"\n\t\t\tdata-wp-style--top=\"state.imageButtonTop\"\n\t\t>\n\t\t\t<svg xmlns=\"http:\/\/www.w3.org\/2000\/svg\" width=\"12\" height=\"12\" fill=\"none\" viewBox=\"0 0 12 12\">\n\t\t\t\t<path fill=\"#fff\" d=\"M2 0a2 2 0 0 0-2 2v2h1.5V2a.5.5 0 0 1 .5-.5h2V0H2Zm2 10.5H2a.5.5 0 0 1-.5-.5V8H0v2a2 2 0 0 0 2 2h2v-1.5ZM8 12v-1.5h2a.5.5 0 0 0 .5-.5V8H12v2a2 2 0 0 1-2 2H8Zm2-12a2 2 0 0 1 2 2v2h-1.5V2a.5.5 0 0 0-.5-.5H8V0h2Z\" \/>\n\t\t\t<\/svg>\n\t\t<\/button><\/figure>\n<\/div>\n\n\n\n<div class=\"wp-block-column is-layout-flow wp-block-column-is-layout-flow\">\n<p><strong>T\u00e9l.: +33 1 39 35 85 16\u00a0 \u00a0<\/strong><br><strong>Mobile: +33 6 61 74 85 16 \u00a0<\/strong><br><br>Email:\u00a0\u00a0 domaine [@] aquarelles.org<\/p>\n\n\n\n<p><strong>\u00a0 \u00a0 \u00a0 \u00a0 \u00a0 \u00a0 \u00a0 \u00a0\u00a0 <\/strong><\/p>\n\n\n\n<p><strong>\u00a0\u00a0<\/strong><\/p>\n<\/div>\n\n\n\n<div class=\"wp-block-column is-layout-flow wp-block-column-is-layout-flow\">\n<figure class=\"wp-block-image size-full is-resized\"><img loading=\"lazy\" decoding=\"async\" width=\"247\" height=\"287\" src=\"https:\/\/domaine-des-aquarelles.com\/wp-content\/uploads\/2026\/04\/DSCF1558.jpg\" alt=\"\" class=\"wp-image-190\" style=\"width:331px;height:auto\"\/><\/figure>\n<\/div>\n<\/div>\n","protected":false},"excerpt":{"rendered":"<p>Nous\u00a0contacter Notre\u00a0adresse Domaine des Aquarelles 4 b rue Gambetta95 330 DOMONTFrance Plan\u00a0d&rsquo;acc\u00e8s T\u00e9l.: +33 1 39 35 85 16\u00a0 \u00a0Mobile: [&hellip;]<\/p>\n","protected":false},"author":1,"featured_media":0,"parent":0,"menu_order":0,"comment_status":"closed","ping_status":"closed","template":"","meta":{"site-sidebar-layout":"default","site-content-layout":"","ast-site-content-layout":"default","site-content-style":"default","site-sidebar-style":"default","ast-global-header-display":"","ast-banner-title-visibility":"","ast-main-header-display":"","ast-hfb-above-header-display":"","ast-hfb-below-header-display":"","ast-hfb-mobile-header-display":"","site-post-title":"disabled","ast-breadcrumbs-content":"","ast-featured-img":"","footer-sml-layout":"","ast-disable-related-posts":"","theme-transparent-header-meta":"","adv-header-id-meta":"","stick-header-meta":"","header-above-stick-meta":"","header-main-stick-meta":"","header-below-stick-meta":"","astra-migrate-meta-layouts":"default","ast-page-background-enabled":"default","ast-page-background-meta":{"desktop":{"background-color":"var(--ast-global-color-5)","background-image":"","background-repeat":"repeat","background-position":"center center","background-size":"auto","background-attachment":"scroll","background-type":"","background-media":"","overlay-type":"","overlay-color":"","overlay-opacity":"","overlay-gradient":""},"tablet":{"background-color":"","background-image":"","background-repeat":"repeat","background-position":"center center","background-size":"auto","background-attachment":"scroll","background-type":"","background-media":"","overlay-type":"","overlay-color":"","overlay-opacity":"","overlay-gradient":""},"mobile":{"background-color":"","background-image":"","background-repeat":"repeat","background-position":"center center","background-size":"auto","background-attachment":"scroll","background-type":"","background-media":"","overlay-type":"","overlay-color":"","overlay-opacity":"","overlay-gradient":""}},"ast-content-background-meta":{"desktop":{"background-color":"var(--ast-global-color-4)","background-image":"","background-repeat":"repeat","background-position":"center center","background-size":"auto","background-attachment":"scroll","background-type":"","background-media":"","overlay-type":"","overlay-color":"","overlay-opacity":"","overlay-gradient":""},"tablet":{"background-color":"var(--ast-global-color-4)","background-image":"","background-repeat":"repeat","background-position":"center center","background-size":"auto","background-attachment":"scroll","background-type":"","background-media":"","overlay-type":"","overlay-color":"","overlay-opacity":"","overlay-gradient":""},"mobile":{"background-color":"var(--ast-global-color-4)","background-image":"","background-repeat":"repeat","background-position":"center center","background-size":"auto","background-attachment":"scroll","background-type":"","background-media":"","overlay-type":"","overlay-color":"","overlay-opacity":"","overlay-gradient":""}},"footnotes":""},"class_list":["post-70","page","type-page","status-publish","hentry"],"yoast_head":"<!-- This site is optimized with the Yoast SEO plugin v27.3 - https:\/\/yoast.com\/product\/yoast-seo-wordpress\/ -->\n<title>contact - Domaine des Aquarelles - Chambres d&#039;h\u00f4tes<\/title>\n<meta name=\"robots\" content=\"index, follow, max-snippet:-1, max-image-preview:large, max-video-preview:-1\" \/>\n<link rel=\"canonical\" href=\"https:\/\/domaine-des-aquarelles.com\/?page_id=70\" \/>\n<meta property=\"og:locale\" content=\"fr_FR\" \/>\n<meta property=\"og:type\" content=\"article\" \/>\n<meta property=\"og:title\" content=\"contact - Domaine des Aquarelles - Chambres d&#039;h\u00f4tes\" \/>\n<meta property=\"og:description\" content=\"Nous\u00a0contacter Notre\u00a0adresse Domaine des Aquarelles 4 b rue Gambetta95 330 DOMONTFrance Plan\u00a0d&rsquo;acc\u00e8s T\u00e9l.: +33 1 39 35 85 16\u00a0 \u00a0Mobile: [&hellip;]\" \/>\n<meta property=\"og:url\" content=\"https:\/\/domaine-des-aquarelles.com\/?page_id=70\" \/>\n<meta property=\"og:site_name\" content=\"Domaine des Aquarelles - Chambres d&#039;h\u00f4tes\" \/>\n<meta property=\"article:publisher\" content=\"https:\/\/www.facebook.com\/people\/domaine-des-aquarelles\/100068159942014\/#\" \/>\n<meta property=\"article:modified_time\" content=\"2026-04-03T15:48:54+00:00\" \/>\n<meta property=\"og:image\" content=\"https:\/\/domaine-des-aquarelles.com\/wp-content\/uploads\/2026\/04\/domont.jpg\" \/>\n<meta name=\"twitter:card\" content=\"summary_large_image\" \/>\n<script type=\"application\/ld+json\" class=\"yoast-schema-graph\">{\"@context\":\"https:\\\/\\\/schema.org\",\"@graph\":[{\"@type\":\"WebPage\",\"@id\":\"https:\\\/\\\/domaine-des-aquarelles.com\\\/?page_id=70\",\"url\":\"https:\\\/\\\/domaine-des-aquarelles.com\\\/?page_id=70\",\"name\":\"contact - Domaine des Aquarelles - Chambres d&#039;h\u00f4tes\",\"isPartOf\":{\"@id\":\"https:\\\/\\\/domaine-des-aquarelles.com\\\/#website\"},\"primaryImageOfPage\":{\"@id\":\"https:\\\/\\\/domaine-des-aquarelles.com\\\/?page_id=70#primaryimage\"},\"image\":{\"@id\":\"https:\\\/\\\/domaine-des-aquarelles.com\\\/?page_id=70#primaryimage\"},\"thumbnailUrl\":\"https:\\\/\\\/domaine-des-aquarelles.com\\\/wp-content\\\/uploads\\\/2026\\\/04\\\/domont.jpg\",\"datePublished\":\"2026-03-26T13:15:06+00:00\",\"dateModified\":\"2026-04-03T15:48:54+00:00\",\"breadcrumb\":{\"@id\":\"https:\\\/\\\/domaine-des-aquarelles.com\\\/?page_id=70#breadcrumb\"},\"inLanguage\":\"fr-FR\",\"potentialAction\":[{\"@type\":\"ReadAction\",\"target\":[\"https:\\\/\\\/domaine-des-aquarelles.com\\\/?page_id=70\"]}]},{\"@type\":\"ImageObject\",\"inLanguage\":\"fr-FR\",\"@id\":\"https:\\\/\\\/domaine-des-aquarelles.com\\\/?page_id=70#primaryimage\",\"url\":\"https:\\\/\\\/domaine-des-aquarelles.com\\\/wp-content\\\/uploads\\\/2026\\\/04\\\/domont.jpg\",\"contentUrl\":\"https:\\\/\\\/domaine-des-aquarelles.com\\\/wp-content\\\/uploads\\\/2026\\\/04\\\/domont.jpg\",\"width\":300,\"height\":198},{\"@type\":\"BreadcrumbList\",\"@id\":\"https:\\\/\\\/domaine-des-aquarelles.com\\\/?page_id=70#breadcrumb\",\"itemListElement\":[{\"@type\":\"ListItem\",\"position\":1,\"name\":\"Accueil\",\"item\":\"https:\\\/\\\/domaine-des-aquarelles.com\\\/\"},{\"@type\":\"ListItem\",\"position\":2,\"name\":\"contact\"}]},{\"@type\":\"WebSite\",\"@id\":\"https:\\\/\\\/domaine-des-aquarelles.com\\\/#website\",\"url\":\"https:\\\/\\\/domaine-des-aquarelles.com\\\/\",\"name\":\"Domaine des Aquarelles - Chambres d&#039;h\u00f4tes\",\"description\":\"\u201cChambres d\u2019h\u00f4tes \u00e0 Domont r\u00e9gion Ile de France\u201d\",\"publisher\":{\"@id\":\"https:\\\/\\\/domaine-des-aquarelles.com\\\/#organization\"},\"alternateName\":\"Chambres d hotes domaine des aquarelles\",\"potentialAction\":[{\"@type\":\"SearchAction\",\"target\":{\"@type\":\"EntryPoint\",\"urlTemplate\":\"https:\\\/\\\/domaine-des-aquarelles.com\\\/?s={search_term_string}\"},\"query-input\":{\"@type\":\"PropertyValueSpecification\",\"valueRequired\":true,\"valueName\":\"search_term_string\"}}],\"inLanguage\":\"fr-FR\"},{\"@type\":\"Organization\",\"@id\":\"https:\\\/\\\/domaine-des-aquarelles.com\\\/#organization\",\"name\":\"Domaine des Aquarelles\",\"alternateName\":\"Chambres hotes\",\"url\":\"https:\\\/\\\/domaine-des-aquarelles.com\\\/\",\"logo\":{\"@type\":\"ImageObject\",\"inLanguage\":\"fr-FR\",\"@id\":\"https:\\\/\\\/domaine-des-aquarelles.com\\\/#\\\/schema\\\/logo\\\/image\\\/\",\"url\":\"https:\\\/\\\/domaine-des-aquarelles.com\\\/wp-content\\\/uploads\\\/2026\\\/04\\\/cropped-logo.png\",\"contentUrl\":\"https:\\\/\\\/domaine-des-aquarelles.com\\\/wp-content\\\/uploads\\\/2026\\\/04\\\/cropped-logo.png\",\"width\":512,\"height\":512,\"caption\":\"Domaine des Aquarelles\"},\"image\":{\"@id\":\"https:\\\/\\\/domaine-des-aquarelles.com\\\/#\\\/schema\\\/logo\\\/image\\\/\"},\"sameAs\":[\"https:\\\/\\\/www.facebook.com\\\/people\\\/domaine-des-aquarelles\\\/100068159942014\\\/#\"]}]}<\/script>\n<!-- \/ Yoast SEO plugin. -->","yoast_head_json":{"title":"contact - Domaine des Aquarelles - Chambres d&#039;h\u00f4tes","robots":{"index":"index","follow":"follow","max-snippet":"max-snippet:-1","max-image-preview":"max-image-preview:large","max-video-preview":"max-video-preview:-1"},"canonical":"https:\/\/domaine-des-aquarelles.com\/?page_id=70","og_locale":"fr_FR","og_type":"article","og_title":"contact - Domaine des Aquarelles - Chambres d&#039;h\u00f4tes","og_description":"Nous\u00a0contacter Notre\u00a0adresse Domaine des Aquarelles 4 b rue Gambetta95 330 DOMONTFrance Plan\u00a0d&rsquo;acc\u00e8s T\u00e9l.: +33 1 39 35 85 16\u00a0 \u00a0Mobile: [&hellip;]","og_url":"https:\/\/domaine-des-aquarelles.com\/?page_id=70","og_site_name":"Domaine des Aquarelles - Chambres d&#039;h\u00f4tes","article_publisher":"https:\/\/www.facebook.com\/people\/domaine-des-aquarelles\/100068159942014\/#","article_modified_time":"2026-04-03T15:48:54+00:00","og_image":[{"url":"https:\/\/domaine-des-aquarelles.com\/wp-content\/uploads\/2026\/04\/domont.jpg","type":"","width":"","height":""}],"twitter_card":"summary_large_image","schema":{"@context":"https:\/\/schema.org","@graph":[{"@type":"WebPage","@id":"https:\/\/domaine-des-aquarelles.com\/?page_id=70","url":"https:\/\/domaine-des-aquarelles.com\/?page_id=70","name":"contact - Domaine des Aquarelles - Chambres d&#039;h\u00f4tes","isPartOf":{"@id":"https:\/\/domaine-des-aquarelles.com\/#website"},"primaryImageOfPage":{"@id":"https:\/\/domaine-des-aquarelles.com\/?page_id=70#primaryimage"},"image":{"@id":"https:\/\/domaine-des-aquarelles.com\/?page_id=70#primaryimage"},"thumbnailUrl":"https:\/\/domaine-des-aquarelles.com\/wp-content\/uploads\/2026\/04\/domont.jpg","datePublished":"2026-03-26T13:15:06+00:00","dateModified":"2026-04-03T15:48:54+00:00","breadcrumb":{"@id":"https:\/\/domaine-des-aquarelles.com\/?page_id=70#breadcrumb"},"inLanguage":"fr-FR","potentialAction":[{"@type":"ReadAction","target":["https:\/\/domaine-des-aquarelles.com\/?page_id=70"]}]},{"@type":"ImageObject","inLanguage":"fr-FR","@id":"https:\/\/domaine-des-aquarelles.com\/?page_id=70#primaryimage","url":"https:\/\/domaine-des-aquarelles.com\/wp-content\/uploads\/2026\/04\/domont.jpg","contentUrl":"https:\/\/domaine-des-aquarelles.com\/wp-content\/uploads\/2026\/04\/domont.jpg","width":300,"height":198},{"@type":"BreadcrumbList","@id":"https:\/\/domaine-des-aquarelles.com\/?page_id=70#breadcrumb","itemListElement":[{"@type":"ListItem","position":1,"name":"Accueil","item":"https:\/\/domaine-des-aquarelles.com\/"},{"@type":"ListItem","position":2,"name":"contact"}]},{"@type":"WebSite","@id":"https:\/\/domaine-des-aquarelles.com\/#website","url":"https:\/\/domaine-des-aquarelles.com\/","name":"Domaine des Aquarelles - Chambres d&#039;h\u00f4tes","description":"\u201cChambres d\u2019h\u00f4tes \u00e0 Domont r\u00e9gion Ile de France\u201d","publisher":{"@id":"https:\/\/domaine-des-aquarelles.com\/#organization"},"alternateName":"Chambres d hotes domaine des aquarelles","potentialAction":[{"@type":"SearchAction","target":{"@type":"EntryPoint","urlTemplate":"https:\/\/domaine-des-aquarelles.com\/?s={search_term_string}"},"query-input":{"@type":"PropertyValueSpecification","valueRequired":true,"valueName":"search_term_string"}}],"inLanguage":"fr-FR"},{"@type":"Organization","@id":"https:\/\/domaine-des-aquarelles.com\/#organization","name":"Domaine des Aquarelles","alternateName":"Chambres hotes","url":"https:\/\/domaine-des-aquarelles.com\/","logo":{"@type":"ImageObject","inLanguage":"fr-FR","@id":"https:\/\/domaine-des-aquarelles.com\/#\/schema\/logo\/image\/","url":"https:\/\/domaine-des-aquarelles.com\/wp-content\/uploads\/2026\/04\/cropped-logo.png","contentUrl":"https:\/\/domaine-des-aquarelles.com\/wp-content\/uploads\/2026\/04\/cropped-logo.png","width":512,"height":512,"caption":"Domaine des Aquarelles"},"image":{"@id":"https:\/\/domaine-des-aquarelles.com\/#\/schema\/logo\/image\/"},"sameAs":["https:\/\/www.facebook.com\/people\/domaine-des-aquarelles\/100068159942014\/#"]}]}},"_links":{"self":[{"href":"https:\/\/domaine-des-aquarelles.com\/index.php?rest_route=\/wp\/v2\/pages\/70","targetHints":{"allow":["GET"]}}],"collection":[{"href":"https:\/\/domaine-des-aquarelles.com\/index.php?rest_route=\/wp\/v2\/pages"}],"about":[{"href":"https:\/\/domaine-des-aquarelles.com\/index.php?rest_route=\/wp\/v2\/types\/page"}],"author":[{"embeddable":true,"href":"https:\/\/domaine-des-aquarelles.com\/index.php?rest_route=\/wp\/v2\/users\/1"}],"replies":[{"embeddable":true,"href":"https:\/\/domaine-des-aquarelles.com\/index.php?rest_route=%2Fwp%2Fv2%2Fcomments&post=70"}],"version-history":[{"count":3,"href":"https:\/\/domaine-des-aquarelles.com\/index.php?rest_route=\/wp\/v2\/pages\/70\/revisions"}],"predecessor-version":[{"id":192,"href":"https:\/\/domaine-des-aquarelles.com\/index.php?rest_route=\/wp\/v2\/pages\/70\/revisions\/192"}],"wp:attachment":[{"href":"https:\/\/domaine-des-aquarelles.com\/index.php?rest_route=%2Fwp%2Fv2%2Fmedia&parent=70"}],"curies":[{"name":"wp","href":"https:\/\/api.w.org\/{rel}","templated":true}]}}